{"id":365,"date":"2020-12-11T16:51:53","date_gmt":"2020-12-11T16:51:53","guid":{"rendered":"http:\/\/wp.hobas.com\/applications\/"},"modified":"2021-01-21T16:40:16","modified_gmt":"2021-01-21T16:40:16","slug":"applications","status":"publish","type":"page","link":"https:\/\/www.hobas.com\/de\/applications\/","title":{"rendered":"Anwendungen"},"content":{"rendered":"<div id='full_slider_1'  class='avia-fullwidth-slider main_color avia-shadow   avia-builder-el-0  el_before_av_heading  avia-builder-el-first   container_wrap fullsize'  ><div  class='avia-slideshow av-kiko7gpj-685f8ea5da8e5ef78f6678fe9aed4f2d avia-slideshow-featured av_slideshow_full avia-slide-slider av-slideshow-ui av-control-default av-slideshow-manual av-loop-once av-loop-manual-endless av-default-height-applied   avia-slideshow-1' data-slideshow-options=\"{&quot;animation&quot;:&quot;slide&quot;,&quot;autoplay&quot;:false,&quot;loop_autoplay&quot;:&quot;once&quot;,&quot;interval&quot;:5,&quot;loop_manual&quot;:&quot;manual-endless&quot;,&quot;autoplay_stopper&quot;:false,&quot;noNavigation&quot;:false,&quot;bg_slider&quot;:false,&quot;keep_padding&quot;:false,&quot;hoverpause&quot;:false,&quot;show_slide_delay&quot;:0}\"  itemprop=\"image\" itemscope=\"itemscope\" itemtype=\"https:\/\/schema.org\/ImageObject\" ><ul class='avia-slideshow-inner ' style='padding-bottom: 28.666666666667%;'><li  class='avia-slideshow-slide av-kiko7gpj-685f8ea5da8e5ef78f6678fe9aed4f2d__0  av-single-slide slide-1 slide-odd'><div data-rel='slideshow-1' class='avia-slide-wrap '   ><img decoding=\"async\" fetchpriority=\"high\" class=\"wp-image-366 avia-img-lazy-loading-not-366\"  src=\"https:\/\/www.hobas.com\/wp-content\/uploads\/2020\/12\/Hobas-Sewer-pipeline-Triel-sur-Seine-France-1-1500x430.jpg\" width=\"1500\" height=\"430\" title='Hobas-Sewer-pipeline-Triel-sur-Seine-France-1' alt='Hobas sewer pipeline Triel-sur-Seine in France'  itemprop=\"thumbnailUrl\"   \/><\/div><\/li><\/ul><\/div><\/div><div id='after_full_slider_1'  class='main_color av_default_container_wrap container_wrap fullsize'  ><div class='container av-section-cont-open' ><div class='template-page content  av-content-full alpha units'><div class='post-entry post-entry-type-page post-entry-365'><div class='entry-content-wrapper clearfix'>\n\n<style type=\"text\/css\" data-created_by=\"avia_inline_auto\" id=\"style-css-av-19uemt-6b56d22a81327bc554f2f94c03f422df\">\n#top .av-special-heading.av-19uemt-6b56d22a81327bc554f2f94c03f422df{\npadding-bottom:10px;\n}\nbody .av-special-heading.av-19uemt-6b56d22a81327bc554f2f94c03f422df .av-special-heading-tag .heading-char{\nfont-size:25px;\n}\n.av-special-heading.av-19uemt-6b56d22a81327bc554f2f94c03f422df .av-subheading{\nfont-size:15px;\n}\n<\/style>\n<div  class='av-special-heading av-19uemt-6b56d22a81327bc554f2f94c03f422df av-special-heading-h1 blockquote modern-quote modern-centered  avia-builder-el-1  el_after_av_slideshow_full  el_before_av_one_fifth  avia-builder-el-first '><h1 class='av-special-heading-tag '  itemprop=\"headline\"  >Hobas GFK-Rohrsysteme \u2013 rund um die Welt, rund um die Uhr<\/h1><div class=\"special-heading-border\"><div class=\"special-heading-inner-border\"><\/div><\/div><\/div>\n\n<style type=\"text\/css\" data-created_by=\"avia_inline_auto\" id=\"style-css-av-5xl4t-4bf4906b7541ff0a03d27af6c146b1ee\">\n.flex_column.av-5xl4t-4bf4906b7541ff0a03d27af6c146b1ee{\nborder-radius:0px 0px 0px 0px;\npadding:0px 0px 0px 0px;\n}\n<\/style>\n<div  class='flex_column av-5xl4t-4bf4906b7541ff0a03d27af6c146b1ee av_one_fifth  avia-builder-el-2  el_after_av_heading  el_before_av_three_fifth  first flex_column_div av-zero-column-padding  '     ><\/div>\n\n<style type=\"text\/css\" data-created_by=\"avia_inline_auto\" id=\"style-css-av-51v2x-7bf64e52e8b9a9ee4dba8b07a8bfe87c\">\n.flex_column.av-51v2x-7bf64e52e8b9a9ee4dba8b07a8bfe87c{\nborder-radius:0px 0px 0px 0px;\npadding:0px 0px 0px 0px;\n}\n<\/style>\n<div  class='flex_column av-51v2x-7bf64e52e8b9a9ee4dba8b07a8bfe87c av_three_fifth  avia-builder-el-3  el_after_av_one_fifth  el_before_av_one_fifth  flex_column_div av-zero-column-padding  '     ><section  class='av_textblock_section av-kiko8em4-3cf709a8b40c0ee4e70ca059794eb91b '   itemscope=\"itemscope\" itemtype=\"https:\/\/schema.org\/CreativeWork\" ><div class='avia_textblock'  itemprop=\"text\" ><div class=\"wpb_column vc_column_container vc_col-sm-8\">\n<div class=\"vc_column-inner vc_custom_1504019484924\">\n<div class=\"wpb_wrapper\">\n<div class=\"wpb_text_column wpb_content_element \">\n<div class=\"wpb_wrapper\">\n<p style=\"text-align: center;\">Hobas GFK-Rohrsysteme werden vielf\u00e4ltig eingesetzt, beispielsweise f\u00fcr den Transport von Trinkwasser, f\u00fcr Abwasseranwendungen und Bew\u00e4sserung, in Wasserkraftwerken, sowie bei grabenlosen Verlegearten wie Vortrieb und Relining.<\/p>\n<\/div>\n<\/div>\n<\/div>\n<\/div>\n<\/div>\n<\/div><\/section><\/div>\n\n<style type=\"text\/css\" data-created_by=\"avia_inline_auto\" id=\"style-css-av-4jr2p-010979c10c6331bbec8e558c38854bc4\">\n.flex_column.av-4jr2p-010979c10c6331bbec8e558c38854bc4{\nborder-radius:0px 0px 0px 0px;\npadding:0px 0px 0px 0px;\n}\n<\/style>\n<div  class='flex_column av-4jr2p-010979c10c6331bbec8e558c38854bc4 av_one_fifth  avia-builder-el-5  el_after_av_three_fifth  el_before_av_section  avia-builder-el-last  flex_column_div av-zero-column-padding  '     ><\/div>\n<\/div><\/div><\/div><!-- close content main div --><\/div><\/div>\n<style type=\"text\/css\" data-created_by=\"avia_inline_auto\" id=\"style-css-av-kiko8x2l-c8abe0c8d0c27aa6ab62a5406b20ad87\">\n.avia-section.av-kiko8x2l-c8abe0c8d0c27aa6ab62a5406b20ad87{\nbackground-color:#f2f2f2;\nbackground-image:unset;\n}\n<\/style>\n<div id='av_section_1'  class='avia-section av-kiko8x2l-c8abe0c8d0c27aa6ab62a5406b20ad87 main_color avia-section-default avia-no-border-styling  avia-builder-el-6  el_after_av_one_fifth  avia-builder-el-last  avia-bg-style-scroll container_wrap fullsize'  ><div class='container av-section-cont-open' ><div class='template-page content  av-content-full alpha units'><div class='post-entry post-entry-type-page post-entry-365'><div class='entry-content-wrapper clearfix'>\n\n<style type=\"text\/css\" data-created_by=\"avia_inline_auto\" id=\"style-css-av-3nrat-3211aff236ffe372002e2f72fdae8e7c\">\n.flex_column.av-3nrat-3211aff236ffe372002e2f72fdae8e7c{\nborder-radius:0px 0px 0px 0px;\npadding:0px 0px 0px 0px;\n}\n<\/style>\n<div  class='flex_column av-3nrat-3211aff236ffe372002e2f72fdae8e7c av_one_third  avia-builder-el-7  el_before_av_one_third  avia-builder-el-first  first flex_column_div av-zero-column-padding  '     ><p>\n<style type=\"text\/css\" data-created_by=\"avia_inline_auto\" id=\"style-css-av-kikocfqj-e1d766cf3f8aa182c27c375bdcf7df5a\">\n.avia-image-container.av-kikocfqj-e1d766cf3f8aa182c27c375bdcf7df5a img.avia_image{\nbox-shadow:none;\n}\n.avia-image-container.av-kikocfqj-e1d766cf3f8aa182c27c375bdcf7df5a .av-image-caption-overlay-center{\ncolor:#ffffff;\n}\n<\/style>\n<div  class='avia-image-container av-kikocfqj-e1d766cf3f8aa182c27c375bdcf7df5a av-styling- avia-align-left  avia-builder-el-8  el_before_av_heading  avia-builder-el-first '   itemprop=\"image\" itemscope=\"itemscope\" itemtype=\"https:\/\/schema.org\/ImageObject\" ><div class=\"avia-image-container-inner\"><div class=\"avia-image-overlay-wrap\"><img decoding=\"async\" fetchpriority=\"high\" class='wp-image-372 avia-img-lazy-loading-not-372 avia_image ' src=\"https:\/\/www.hobas.com\/wp-content\/uploads\/2020\/12\/Hobas-pipe-jacking-Pforzheim.jpg\" alt='Hobas pipe jacking installation Pforzheim Germany' title='Hobas-pipe-jacking-Pforzheim'  height=\"200\" width=\"350\"  itemprop=\"thumbnailUrl\" srcset=\"https:\/\/www.hobas.com\/wp-content\/uploads\/2020\/12\/Hobas-pipe-jacking-Pforzheim.jpg 350w, https:\/\/www.hobas.com\/wp-content\/uploads\/2020\/12\/Hobas-pipe-jacking-Pforzheim-300x171.jpg 300w\" sizes=\"(max-width: 350px) 100vw, 350px\" \/><\/div><\/div><\/div><br \/>\n\n<style type=\"text\/css\" data-created_by=\"avia_inline_auto\" id=\"style-css-av-14mckl-9ecd911eb30d56ede436b6bedac325eb\">\n#top .av-special-heading.av-14mckl-9ecd911eb30d56ede436b6bedac325eb{\npadding-bottom:10px;\n}\nbody .av-special-heading.av-14mckl-9ecd911eb30d56ede436b6bedac325eb .av-special-heading-tag .heading-char{\nfont-size:25px;\n}\n.av-special-heading.av-14mckl-9ecd911eb30d56ede436b6bedac325eb .av-subheading{\nfont-size:15px;\n}\n<\/style>\n<div  class='av-special-heading av-14mckl-9ecd911eb30d56ede436b6bedac325eb av-special-heading-h3 blockquote modern-quote  avia-builder-el-9  el_after_av_image  avia-builder-el-last '><h3 class='av-special-heading-tag '  itemprop=\"headline\"  >Grabenlose Anwendungen:<br \/> Metropolen, die nicht schlafen, brauchen clevere L\u00f6sungen<\/h3><div class='av-subheading av-subheading_below'><p>Aufgrund ihrer hohen Festigkeit, dem geringen Gewicht sowie ihrer glatten Innen- und Au\u00dfenfl\u00e4che eignen sich Hobas GFK-Vortriebsrohre hervorragend f\u00fcr grabenlose Anwendungen wie Microtunneling und Relining.<\/p>\n<\/div><div class=\"special-heading-border\"><div class=\"special-heading-inner-border\"><\/div><\/div><\/div><\/p><\/div>\n<style type=\"text\/css\" data-created_by=\"avia_inline_auto\" id=\"style-css-av-31ljd-056cda05be6c7ab48f71d632a3df5536\">\n.flex_column.av-31ljd-056cda05be6c7ab48f71d632a3df5536{\nborder-radius:0px 0px 0px 0px;\npadding:0px 0px 0px 0px;\n}\n<\/style>\n<div  class='flex_column av-31ljd-056cda05be6c7ab48f71d632a3df5536 av_one_third  avia-builder-el-10  el_after_av_one_third  el_before_av_one_third  flex_column_div av-zero-column-padding  '     ><p>\n<style type=\"text\/css\" data-created_by=\"avia_inline_auto\" id=\"style-css-av-kikocfqj-c5805279149085397764b72b345d8f3b\">\n.avia-image-container.av-kikocfqj-c5805279149085397764b72b345d8f3b img.avia_image{\nbox-shadow:none;\n}\n.avia-image-container.av-kikocfqj-c5805279149085397764b72b345d8f3b .av-image-caption-overlay-center{\ncolor:#ffffff;\n}\n<\/style>\n<div  class='avia-image-container av-kikocfqj-c5805279149085397764b72b345d8f3b av-styling- avia-align-left  avia-builder-el-11  el_before_av_heading  avia-builder-el-first '   itemprop=\"image\" itemscope=\"itemscope\" itemtype=\"https:\/\/schema.org\/ImageObject\" ><div class=\"avia-image-container-inner\"><div class=\"avia-image-overlay-wrap\"><img decoding=\"async\" fetchpriority=\"high\" class='wp-image-371 avia-img-lazy-loading-not-371 avia_image ' src=\"https:\/\/www.hobas.com\/wp-content\/uploads\/2020\/12\/Hobas-sewer-pipes-Rawa-Poland.jpg\" alt='Hobas sewer pipes Rawa Poland' title='Hobas-sewer-pipes-Rawa-Poland'  height=\"200\" width=\"350\"  itemprop=\"thumbnailUrl\" srcset=\"https:\/\/www.hobas.com\/wp-content\/uploads\/2020\/12\/Hobas-sewer-pipes-Rawa-Poland.jpg 350w, https:\/\/www.hobas.com\/wp-content\/uploads\/2020\/12\/Hobas-sewer-pipes-Rawa-Poland-300x171.jpg 300w\" sizes=\"(max-width: 350px) 100vw, 350px\" \/><\/div><\/div><\/div><br \/>\n\n<style type=\"text\/css\" data-created_by=\"avia_inline_auto\" id=\"style-css-av-yqqil-e69da8b2763e57574bad6c5775c884ba\">\n#top .av-special-heading.av-yqqil-e69da8b2763e57574bad6c5775c884ba{\npadding-bottom:10px;\n}\nbody .av-special-heading.av-yqqil-e69da8b2763e57574bad6c5775c884ba .av-special-heading-tag .heading-char{\nfont-size:25px;\n}\n.av-special-heading.av-yqqil-e69da8b2763e57574bad6c5775c884ba .av-subheading{\nfont-size:15px;\n}\n<\/style>\n<div  class='av-special-heading av-yqqil-e69da8b2763e57574bad6c5775c884ba av-special-heading-h3 blockquote modern-quote  avia-builder-el-12  el_after_av_image  avia-builder-el-last '><h3 class='av-special-heading-tag '  itemprop=\"headline\"  >Abwasser:<br \/> Kanalisationssysteme, die nie korrodieren<\/h3><div class='av-subheading av-subheading_below'><p>Hobas GFK-Abwasserrohrsysteme k\u00f6nnen ma\u00dfgeschneidert gefertigt werden und sind dank ihrer absoluten Korrosionsbest\u00e4ndigkeit ideal f\u00fcr den Transport von kommunalem Abwasser.<\/p>\n<\/div><div class=\"special-heading-border\"><div class=\"special-heading-inner-border\"><\/div><\/div><\/div><\/p><\/div>\n<style type=\"text\/css\" data-created_by=\"avia_inline_auto\" id=\"style-css-av-2t759-11b2bc7e2518fee7017c557afbe99c15\">\n.flex_column.av-2t759-11b2bc7e2518fee7017c557afbe99c15{\nborder-radius:0px 0px 0px 0px;\npadding:0px 0px 0px 0px;\n}\n<\/style>\n<div  class='flex_column av-2t759-11b2bc7e2518fee7017c557afbe99c15 av_one_third  avia-builder-el-13  el_after_av_one_third  el_before_av_one_third  flex_column_div av-zero-column-padding  '     ><p>\n<style type=\"text\/css\" data-created_by=\"avia_inline_auto\" id=\"style-css-av-kikocfqj-d116c18d0d72b79ba2996260de605675\">\n.avia-image-container.av-kikocfqj-d116c18d0d72b79ba2996260de605675 img.avia_image{\nbox-shadow:none;\n}\n.avia-image-container.av-kikocfqj-d116c18d0d72b79ba2996260de605675 .av-image-caption-overlay-center{\ncolor:#ffffff;\n}\n<\/style>\n<div  class='avia-image-container av-kikocfqj-d116c18d0d72b79ba2996260de605675 av-styling- avia-align-left  avia-builder-el-14  el_before_av_heading  avia-builder-el-first '   itemprop=\"image\" itemscope=\"itemscope\" itemtype=\"https:\/\/schema.org\/ImageObject\" ><div class=\"avia-image-container-inner\"><div class=\"avia-image-overlay-wrap\"><img decoding=\"async\" fetchpriority=\"high\" class='wp-image-373 avia-img-lazy-loading-not-373 avia_image ' src=\"https:\/\/www.hobas.com\/wp-content\/uploads\/2020\/12\/Amiblu-potable-water-tank-1.jpg\" alt='Amiblu potable water tank' title='Amiblu-potable-water-tank-1'  height=\"200\" width=\"350\"  itemprop=\"thumbnailUrl\" srcset=\"https:\/\/www.hobas.com\/wp-content\/uploads\/2020\/12\/Amiblu-potable-water-tank-1.jpg 350w, https:\/\/www.hobas.com\/wp-content\/uploads\/2020\/12\/Amiblu-potable-water-tank-1-300x171.jpg 300w\" sizes=\"(max-width: 350px) 100vw, 350px\" \/><\/div><\/div><\/div><br \/>\n\n<style type=\"text\/css\" data-created_by=\"avia_inline_auto\" id=\"style-css-av-opy39-97b6c6ff5b548c40694fd88a8c76c751\">\n#top .av-special-heading.av-opy39-97b6c6ff5b548c40694fd88a8c76c751{\npadding-bottom:10px;\n}\nbody .av-special-heading.av-opy39-97b6c6ff5b548c40694fd88a8c76c751 .av-special-heading-tag .heading-char{\nfont-size:25px;\n}\n.av-special-heading.av-opy39-97b6c6ff5b548c40694fd88a8c76c751 .av-subheading{\nfont-size:15px;\n}\n<\/style>\n<div  class='av-special-heading av-opy39-97b6c6ff5b548c40694fd88a8c76c751 av-special-heading-h3 blockquote modern-quote  avia-builder-el-15  el_after_av_image  avia-builder-el-last '><h3 class='av-special-heading-tag '  itemprop=\"headline\"  >Trinkwasser:<br \/> Sichere Versorgung mit sauberem Trinkwasser f\u00fcr Generationen<\/h3><div class='av-subheading av-subheading_below'><p>Hobas GFK-Trinkwasserrohrsysteme sind innovative Produkte mit herausragenden Eigenschaften und einer extrem langen Lebensdauer.<\/p>\n<\/div><div class=\"special-heading-border\"><div class=\"special-heading-inner-border\"><\/div><\/div><\/div><\/p><\/div>\n<style type=\"text\/css\" data-created_by=\"avia_inline_auto\" id=\"style-css-av-1yhcx-9177ab2f4416cd90d733cd6d17a70212\">\n.flex_column.av-1yhcx-9177ab2f4416cd90d733cd6d17a70212{\nborder-radius:0px 0px 0px 0px;\npadding:0px 0px 0px 0px;\n}\n<\/style>\n<div  class='flex_column av-1yhcx-9177ab2f4416cd90d733cd6d17a70212 av_one_third  avia-builder-el-16  el_after_av_one_third  el_before_av_one_third  first flex_column_div av-zero-column-padding  column-top-margin'     ><p>\n<style type=\"text\/css\" data-created_by=\"avia_inline_auto\" id=\"style-css-av-kikocfqj-7b4aef27945ca7b49fde40c3655addea\">\n.avia-image-container.av-kikocfqj-7b4aef27945ca7b49fde40c3655addea img.avia_image{\nbox-shadow:none;\n}\n.avia-image-container.av-kikocfqj-7b4aef27945ca7b49fde40c3655addea .av-image-caption-overlay-center{\ncolor:#ffffff;\n}\n<\/style>\n<div  class='avia-image-container av-kikocfqj-7b4aef27945ca7b49fde40c3655addea av-styling- avia-align-left  avia-builder-el-17  el_before_av_heading  avia-builder-el-first '   itemprop=\"image\" itemscope=\"itemscope\" itemtype=\"https:\/\/schema.org\/ImageObject\" ><div class=\"avia-image-container-inner\"><div class=\"avia-image-overlay-wrap\"><img decoding=\"async\" fetchpriority=\"high\" class='wp-image-374 avia-img-lazy-loading-not-374 avia_image ' src=\"https:\/\/www.hobas.com\/wp-content\/uploads\/2020\/12\/Hobas-Hydropower-pipeline-Castellarano-Italy.jpg\" alt='Hobas hydropower pipeline Castellarano Italy' title='Hobas-Hydropower-pipeline-Castellarano-Italy'  height=\"200\" width=\"350\"  itemprop=\"thumbnailUrl\" srcset=\"https:\/\/www.hobas.com\/wp-content\/uploads\/2020\/12\/Hobas-Hydropower-pipeline-Castellarano-Italy.jpg 350w, https:\/\/www.hobas.com\/wp-content\/uploads\/2020\/12\/Hobas-Hydropower-pipeline-Castellarano-Italy-300x171.jpg 300w\" sizes=\"(max-width: 350px) 100vw, 350px\" \/><\/div><\/div><\/div><br \/>\n\n<style type=\"text\/css\" data-created_by=\"avia_inline_auto\" id=\"style-css-av-j6xql-98bbfc607885560b3f54e26c4c668bfb\">\n#top .av-special-heading.av-j6xql-98bbfc607885560b3f54e26c4c668bfb{\npadding-bottom:10px;\n}\nbody .av-special-heading.av-j6xql-98bbfc607885560b3f54e26c4c668bfb .av-special-heading-tag .heading-char{\nfont-size:25px;\n}\n.av-special-heading.av-j6xql-98bbfc607885560b3f54e26c4c668bfb .av-subheading{\nfont-size:15px;\n}\n<\/style>\n<div  class='av-special-heading av-j6xql-98bbfc607885560b3f54e26c4c668bfb av-special-heading-h3 blockquote modern-quote  avia-builder-el-18  el_after_av_image  avia-builder-el-last '><h3 class='av-special-heading-tag '  itemprop=\"headline\"  >Wasserkraft:<br \/> Stromerzeugung mit weniger Emissionen und mehr Leistung<\/h3><div class='av-subheading av-subheading_below'><p>Die sehr glatte Innenfl\u00e4che von Hobas GFK-Wasserkraftrohren garantiert geringen Druckverlust, maximalen Energieertrag und konstante hydraulische Eigenschaften.<\/p>\n<\/div><div class=\"special-heading-border\"><div class=\"special-heading-inner-border\"><\/div><\/div><\/div><\/p><\/div>\n<style type=\"text\/css\" data-created_by=\"avia_inline_auto\" id=\"style-css-av-1lshp-15ecb278ed2fae5ce5774d95a610b9a9\">\n.flex_column.av-1lshp-15ecb278ed2fae5ce5774d95a610b9a9{\nborder-radius:0px 0px 0px 0px;\npadding:0px 0px 0px 0px;\n}\n<\/style>\n<div  class='flex_column av-1lshp-15ecb278ed2fae5ce5774d95a610b9a9 av_one_third  avia-builder-el-19  el_after_av_one_third  el_before_av_one_third  flex_column_div av-zero-column-padding  column-top-margin'     ><p>\n<style type=\"text\/css\" data-created_by=\"avia_inline_auto\" id=\"style-css-av-kikocfqj-66aee29439fbbe91ef47cd057a5e2c15\">\n.avia-image-container.av-kikocfqj-66aee29439fbbe91ef47cd057a5e2c15 img.avia_image{\nbox-shadow:none;\n}\n.avia-image-container.av-kikocfqj-66aee29439fbbe91ef47cd057a5e2c15 .av-image-caption-overlay-center{\ncolor:#ffffff;\n}\n<\/style>\n<div  class='avia-image-container av-kikocfqj-66aee29439fbbe91ef47cd057a5e2c15 av-styling- avia-align-left  avia-builder-el-20  el_before_av_heading  avia-builder-el-first '   itemprop=\"image\" itemscope=\"itemscope\" itemtype=\"https:\/\/schema.org\/ImageObject\" ><div class=\"avia-image-container-inner\"><div class=\"avia-image-overlay-wrap\"><img decoding=\"async\" fetchpriority=\"high\" class='wp-image-375 avia-img-lazy-loading-not-375 avia_image ' src=\"https:\/\/www.hobas.com\/wp-content\/uploads\/2020\/12\/Hobas-irrigation-pipeline.jpg\" alt='Hobas irrigation pipeline' title='Hobas-irrigation-pipeline'  height=\"200\" width=\"350\"  itemprop=\"thumbnailUrl\" srcset=\"https:\/\/www.hobas.com\/wp-content\/uploads\/2020\/12\/Hobas-irrigation-pipeline.jpg 350w, https:\/\/www.hobas.com\/wp-content\/uploads\/2020\/12\/Hobas-irrigation-pipeline-300x171.jpg 300w\" sizes=\"(max-width: 350px) 100vw, 350px\" \/><\/div><\/div><\/div><br \/>\n\n<style type=\"text\/css\" data-created_by=\"avia_inline_auto\" id=\"style-css-av-f9jgl-e5e3b46fa8d436d3df1ff679d6efbbca\">\n#top .av-special-heading.av-f9jgl-e5e3b46fa8d436d3df1ff679d6efbbca{\npadding-bottom:10px;\n}\nbody .av-special-heading.av-f9jgl-e5e3b46fa8d436d3df1ff679d6efbbca .av-special-heading-tag .heading-char{\nfont-size:25px;\n}\n.av-special-heading.av-f9jgl-e5e3b46fa8d436d3df1ff679d6efbbca .av-subheading{\nfont-size:15px;\n}\n<\/style>\n<div  class='av-special-heading av-f9jgl-e5e3b46fa8d436d3df1ff679d6efbbca av-special-heading-h3 blockquote modern-quote  avia-builder-el-21  el_after_av_image  avia-builder-el-last '><h3 class='av-special-heading-tag '  itemprop=\"headline\"  >Bew\u00e4sserung und Rohwasser:<br \/> Eine bessere Ernte mit weniger Wasser bei jeder Witterung<\/h3><div class='av-subheading av-subheading_below'><p>Hobas GFK-Bew\u00e4sserungsrohre erm\u00f6glichen eine kontrollierte, wartungsarme Wasserverteilung und reduzieren die Kosten w\u00e4hrend des gesamten Lebenszyklus ma\u00dfgeblich.<\/p>\n<\/div><div class=\"special-heading-border\"><div class=\"special-heading-inner-border\"><\/div><\/div><\/div><\/p><\/div>\n<style type=\"text\/css\" data-created_by=\"avia_inline_auto\" id=\"style-css-av-s47d-5f46b5d9a052bd5290eb07d2a2d1bc40\">\n.flex_column.av-s47d-5f46b5d9a052bd5290eb07d2a2d1bc40{\nborder-radius:0px 0px 0px 0px;\npadding:0px 0px 0px 0px;\n}\n<\/style>\n<div  class='flex_column av-s47d-5f46b5d9a052bd5290eb07d2a2d1bc40 av_one_third  avia-builder-el-22  el_after_av_one_third  el_before_av_hr  flex_column_div av-zero-column-padding  column-top-margin'     ><p>\n<style type=\"text\/css\" data-created_by=\"avia_inline_auto\" id=\"style-css-av-kikocfqj-9e700d9b1cace1ea4f5a6c4d24e34ba6\">\n.avia-image-container.av-kikocfqj-9e700d9b1cace1ea4f5a6c4d24e34ba6 img.avia_image{\nbox-shadow:none;\n}\n.avia-image-container.av-kikocfqj-9e700d9b1cace1ea4f5a6c4d24e34ba6 .av-image-caption-overlay-center{\ncolor:#ffffff;\n}\n<\/style>\n<div  class='avia-image-container av-kikocfqj-9e700d9b1cace1ea4f5a6c4d24e34ba6 av-styling- avia-align-left  avia-builder-el-23  el_before_av_heading  avia-builder-el-first '   itemprop=\"image\" itemscope=\"itemscope\" itemtype=\"https:\/\/schema.org\/ImageObject\" ><div class=\"avia-image-container-inner\"><div class=\"avia-image-overlay-wrap\"><img decoding=\"async\" fetchpriority=\"high\" class='wp-image-1335 avia-img-lazy-loading-not-1335 avia_image ' src=\"https:\/\/www.hobas.com\/wp-content\/uploads\/2021\/01\/Hobas-PU-line-Oberaegeri-Kopie.jpg\" alt='Hobas PU line pipe in Ober' title='Hobas-PU-line-Oberaegeri-Kopie'  height=\"200\" width=\"350\"  itemprop=\"thumbnailUrl\" srcset=\"https:\/\/www.hobas.com\/wp-content\/uploads\/2021\/01\/Hobas-PU-line-Oberaegeri-Kopie.jpg 350w, https:\/\/www.hobas.com\/wp-content\/uploads\/2021\/01\/Hobas-PU-line-Oberaegeri-Kopie-300x171.jpg 300w\" sizes=\"(max-width: 350px) 100vw, 350px\" \/><\/div><\/div><\/div><br \/>\n\n<style type=\"text\/css\" data-created_by=\"avia_inline_auto\" id=\"style-css-av-aoivh-4f50307c64dcfa67bec347f587de0e64\">\n#top .av-special-heading.av-aoivh-4f50307c64dcfa67bec347f587de0e64{\npadding-bottom:10px;\n}\nbody .av-special-heading.av-aoivh-4f50307c64dcfa67bec347f587de0e64 .av-special-heading-tag .heading-char{\nfont-size:25px;\n}\n.av-special-heading.av-aoivh-4f50307c64dcfa67bec347f587de0e64 .av-subheading{\nfont-size:15px;\n}\n<\/style>\n<div  class='av-special-heading av-aoivh-4f50307c64dcfa67bec347f587de0e64 av-special-heading-h3 blockquote modern-quote  avia-builder-el-24  el_after_av_image  avia-builder-el-last '><h3 class='av-special-heading-tag '  itemprop=\"headline\"  >Hobas PU line:<br \/> Das allerbeste Rohr. F\u00fcr die allerh\u00e4rtesten Bedingungen.<\/h3><div class='av-subheading av-subheading_below'><p>Unsere extrem schlag- und abrasionsbest\u00e4ndigen GFK-Rohre haben eine au\u00dfergew\u00f6hnlich best\u00e4ndige innere Schutzschicht und werden f\u00fcr jedes Projekt individuell gefertigt.<\/p>\n<\/div><div class=\"special-heading-border\"><div class=\"special-heading-inner-border\"><\/div><\/div><\/div><\/p><\/div>\n<style type=\"text\/css\" data-created_by=\"avia_inline_auto\" id=\"style-css-av-kilnsirq-e7e78dc0b5362ca90df23da6047293e9\">\n#top .hr.hr-invisible.av-kilnsirq-e7e78dc0b5362ca90df23da6047293e9{\nheight:20px;\n}\n<\/style>\n<div  class='hr av-kilnsirq-e7e78dc0b5362ca90df23da6047293e9 hr-invisible  avia-builder-el-25  el_after_av_one_third  el_before_av_button '><span class='hr-inner '><span class=\"hr-inner-style\"><\/span><\/span><\/div>\n<div  class='avia-button-wrap av-kikoa5nu-1bceaab9a758089e70c5046d00f75fca-wrap avia-button-center  avia-builder-el-26  el_after_av_hr  avia-builder-el-last '><a href='https:\/\/www.amiblu.com\/applications\/' class='avia-button av-kikoa5nu-1bceaab9a758089e70c5046d00f75fca av-link-btn avia-icon_select-no avia-size-medium avia-position-center avia-color-theme-color' target=\"_blank\" rel=\"noopener noreferrer\" aria-label=\"Erfahren Sie mehr \u00fcber GFK-Rohranwendungen auf der Amiblu Webseite\"><span class='avia_iconbox_title' >Erfahren Sie mehr \u00fcber GFK-Rohranwendungen auf der Amiblu Webseite<\/span><\/a><\/div>\n\n","protected":false},"excerpt":{"rendered":"","protected":false},"author":2,"featured_media":0,"parent":0,"menu_order":53,"comment_status":"closed","ping_status":"closed","template":"","meta":{"footnotes":""},"class_list":["post-365","page","type-page","status-publish","hentry"],"_links":{"self":[{"href":"https:\/\/www.hobas.com\/de\/wp-json\/wp\/v2\/pages\/365","targetHints":{"allow":["GET"]}}],"collection":[{"href":"https:\/\/www.hobas.com\/de\/wp-json\/wp\/v2\/pages"}],"about":[{"href":"https:\/\/www.hobas.com\/de\/wp-json\/wp\/v2\/types\/page"}],"author":[{"embeddable":true,"href":"https:\/\/www.hobas.com\/de\/wp-json\/wp\/v2\/users\/2"}],"replies":[{"embeddable":true,"href":"https:\/\/www.hobas.com\/de\/wp-json\/wp\/v2\/comments?post=365"}],"version-history":[{"count":6,"href":"https:\/\/www.hobas.com\/de\/wp-json\/wp\/v2\/pages\/365\/revisions"}],"predecessor-version":[{"id":1427,"href":"https:\/\/www.hobas.com\/de\/wp-json\/wp\/v2\/pages\/365\/revisions\/1427"}],"wp:attachment":[{"href":"https:\/\/www.hobas.com\/de\/wp-json\/wp\/v2\/media?parent=365"}],"curies":[{"name":"wp","href":"https:\/\/api.w.org\/{rel}","templated":true}]}}