{"id":424,"date":"2020-12-11T16:58:10","date_gmt":"2020-12-11T16:58:10","guid":{"rendered":"http:\/\/wp.hobas.com\/privacy-policy\/"},"modified":"2021-01-20T10:20:42","modified_gmt":"2021-01-20T10:20:42","slug":"privacy-policy","status":"publish","type":"page","link":"https:\/\/www.hobas.com\/de\/privacy-policy\/","title":{"rendered":"Datenschutz"},"content":{"rendered":"\n<style type=\"text\/css\" data-created_by=\"avia_inline_auto\" id=\"style-css-av-kiousnip-05e6a2980991f939e425fdf612e1d58c\">\n#top .av-special-heading.av-kiousnip-05e6a2980991f939e425fdf612e1d58c{\npadding-bottom:10px;\n}\nbody .av-special-heading.av-kiousnip-05e6a2980991f939e425fdf612e1d58c .av-special-heading-tag .heading-char{\nfont-size:25px;\n}\n.av-special-heading.av-kiousnip-05e6a2980991f939e425fdf612e1d58c .av-subheading{\nfont-size:15px;\n}\n<\/style>\n<div  class='av-special-heading av-kiousnip-05e6a2980991f939e425fdf612e1d58c av-special-heading-h1 blockquote modern-quote  avia-builder-el-0  el_before_av_textblock  avia-builder-el-first '><h1 class='av-special-heading-tag '  itemprop=\"headline\"  >Datenschutzrichtlinie der Amiblu Gruppe<\/h1><div class=\"special-heading-border\"><div class=\"special-heading-inner-border\"><\/div><\/div><\/div>\n<section  class='av_textblock_section av-kikixa7w-732c6224fbbf357d56d24f85b8d4472d '   itemscope=\"itemscope\" itemtype=\"https:\/\/schema.org\/CreativeWork\" ><div class='avia_textblock'  itemprop=\"text\" ><div class=\"vc_row wpb_row section vc_row-fluid vc_inner \">\n<div class=\" full_section_inner clearfix\">\n<div class=\"wpb_column vc_column_container vc_col-sm-8\">\n<div class=\"vc_column-inner\">\n<div class=\"wpb_wrapper\">\n<div class=\"wpb_text_column wpb_content_element \">\n<div class=\"wpb_wrapper\">\n<p><strong>1. Allgemeine Informationen<\/strong><\/p>\n<p>Der Schutz Ihrer personenbezogenen Daten ist uns ein wichtiges Anliegen und hat daher hohe Priorit\u00e4t. Aus diesem Grund verarbeiten wir Ihre Daten ausschlie\u00dflich auf Basis der geltenden Datenschutzbestimmungen, insbesondere der EU-Datenschutzgrundverordnung (DSGVO). In dieser Datenschutzerkl\u00e4rung informieren wir Sie \u00fcber die wesentlichen Aspekte der Datenverarbeitung in Bezug auf unsere Website.<\/p>\n<p><strong>2. Ihre Daten<\/strong><\/p>\n<p><strong>2.1 Erhebung und Verarbeitung Ihrer Daten<\/strong><\/p>\n<p>Die Verarbeitung personenbezogener Daten, die Sie uns freiwillig zur Nutzung von speziellen Diensten und Portalen zur Verf\u00fcgung stellen, ist notwendig, um Ihre Anfragen, Bestellungen, Bewerbungen etc. zu bearbeiten, Vertr\u00e4ge zu erstellen und abzuschlie\u00dfen sowie Ihnen Newsletter zuzusenden.<\/p>\n<p><strong>2.2 \u00dcbertragung Ihrer Daten<\/strong><\/p>\n<p>Wir werden Ihre Daten nur innerhalb der Amiblu Gruppe \u00fcbermitteln, wenn dies der Erf\u00fcllung von Vertr\u00e4gen oder Ihren Interessen dient. Wir speichern Ihre pers\u00f6nlichen Daten vertraulich und werden diese weder verkaufen noch vermieten oder Dritten zur Verf\u00fcgung stellen.<\/p>\n<p>Eine \u00dcbermittlung an staatliche Einrichtungen und Beh\u00f6rden erfolgt nur im Rahmen zwingender nationaler Rechtsvorschriften.<\/p>\n<p><strong>3. Cookies<\/strong><\/p>\n<p>Wenn Sie Webseiten von Amiblu besuchen, werden Informationen auf Ihrem Endger\u00e4t in Form eines \u201eCookies\u201c gespeichert. Cookies sind kleine Dateien, die auf Ihrem Endger\u00e4t gespeichert werden und bestimmte Einstellungen und Daten zum Austausch mit unseren Webseiten \u00fcber Ihren Browser speichern. Mit Cookies k\u00f6nnen beispielsweise Webseiten so angepasst werden, dass sie Ihren Interessen besser entsprechen, oder Ihr Passwort speichern, sodass Sie es nicht jedes Mal neu eingeben m\u00fcssen. In der Regel sammeln wir keine pers\u00f6nliche Daten \u00fcber Cookies, es sei denn, Sie haben uns Ihre ausdr\u00fcckliche Erlaubnis dazu gegeben.<\/p>\n<p>Wenn Sie nicht m\u00f6chten, dass wir Ihr Endger\u00e4t wiedererkennen, konfigurieren Sie bitte Ihren Internetbrowser, um alle Cookies von Ihrem Ger\u00e4t zu l\u00f6schen, um alle Cookies zu blockieren oder um eine Warnung zu erhalten, bevor ein Cookie gespeichert wird.<\/p>\n<p>Bitte beachten Sie, dass bestimmte Funktionen unserer Website ohne Cookies m\u00f6glicherweise nicht oder nicht mehr funktionieren.<\/p>\n<p><strong>4. Google Analytics<\/strong><\/p>\n<p>Diese Website benutzt Google Analytics, einen Webanalysedienst der Google Inc. (\u201eGoogle\u201c). Google Analytics verwendet sog. \u201eCookies\u201c, Textdateien, die auf Ihrem Computer gespeichert werden und die eine Analyse der Benutzung der Website durch Sie erm\u00f6glichen. Die durch den Cookie erzeugten Informationen \u00fcber Ihre Benutzung dieser Website (einschlie\u00dflich Ihrer IP-Adresse) wird an einen Server von Google in den USA \u00fcbertragen und dort gespeichert. Da Amiblu den Service der Anonymisierung aller IP-Adressen aktiviert hat, wird auch Ihre IP-Adresse innerhalb der Europ\u00e4ischen Union und aller anderen Vertragspartner des Abkommens \u00fcber den Europ\u00e4ischen Wirtschaftsraum gek\u00fcrzt. Nur als Ausnahme wird Ihre vollst\u00e4ndige IP-Adresse an einen Server von Google in den USA \u00fcbertragen und dort anonymisiert. Google wird diese Informationen benutzen, um Ihre Nutzung der Website auszuwerten, um Reports \u00fcber die Websiteaktivit\u00e4ten f\u00fcr die Websitebetreiber zusammenzustellen und um weitere mit der Websitenutzung und der Internetnutzung verbundene Dienstleistungen zu erbringen. Auch wird Google diese Informationen gegebenenfalls an Dritte \u00fcbertragen, sofern dies gesetzlich vorgeschrieben oder soweit Dritte diese Daten im Auftrag von Google verarbeiten. Google wird Ihre IP-Adresse nicht mit anderen Daten von Google in Verbindung bringen.<\/p>\n<p>Sie k\u00f6nnen die Verwendung von Cookies ablehnen, indem Sie die entsprechenden Einstellungen in Ihrem Browser ausw\u00e4hlen. Bitte beachten Sie, dass Sie unter Umst\u00e4nden nicht die gesamte Funktionalit\u00e4t dieser Website nutzen k\u00f6nnen. Dar\u00fcber hinaus k\u00f6nnen Sie verhindern, dass Google Daten \u00fcber die Nutzung der Website (einschlie\u00dflich Ihrer IP-Adresse) sammelt und verarbeitet, indem Sie das Browser-Add-on zur Deaktivierung von Google Analytics herunterladen und installieren.<\/p>\n<p><strong>5. Your Rights<\/strong><\/p>\n<p>Sie haben das Recht, von Amiblu Informationen \u00fcber die pers\u00f6nlichen Daten anzufordern, die wir \u00fcber Sie gespeichert haben. Dar\u00fcber hinaus haben Sie das Recht zu verlangen, dass die Daten berichtigt, gel\u00f6scht, gesperrt, die Verarbeitung verweigert wird und Sie oder ein von Ihnen benannter Dritter die gespeicherten Daten in geeigneter Form \u00fcbermittelt.<\/p>\n<p>Wenn Ihre Anfrage nicht innerhalb eines Monats nach Eingang des Antrags bearbeitet werden kann oder wird, haben Sie das Recht, eine Beschwerde bei einer Aufsichtsbeh\u00f6rde einzureichen. Die zust\u00e4ndige Aufsichtsbeh\u00f6rde ist die \u00f6sterreichische Datenschutzbeh\u00f6rde in Wien.<\/p>\n<p><strong>7. Ihre Anfragen<\/strong><\/p>\n<p>Bei Fragen zum Datenschutz und zur Durchsetzung der oben genannten Rechte wenden Sie sich bitte wie folgt an den Datenschutzbeauftragten von Amiblu:<\/p>\n<p>Amiblu Holding GmbH<strong><br \/>\n<\/strong>Datenschutzkoordinator<\/p>\n<p>Sterneckstra\u00dfe 19<br \/>\n9020 Klagenfurt am W\u00f6rthersee<br \/>\nAustria<\/p>\n<p><img loading=\"lazy\" decoding=\"async\" class=\"alignnone size-full wp-image-33813\" src=\"https:\/\/www.amiblu.com\/wp-content\/uploads\/2018\/05\/privacy@amiblu.com-address.png\" alt=\"privacy@amiblu.com\" width=\"124\" height=\"16\" data-pagespeed-url-hash=\"103447602\" \/><\/p>\n<p>Bitte geben Sie uns Ihre Kontaktdaten, den Namen der Website oder Dienstleistung und eine detaillierte Beschreibung Ihrer Anfrage oder Ihres Anliegens zum Datenschutz bekannt.<\/p>\n<p>Wir bitten jedoch um Ihr Verst\u00e4ndnis, dass wir zu Ihrem Schutz vor Anfragen oder Anfragen unberechtigter Dritter nur schriftlich an die von Ihnen in den jeweiligen Portalen hinterlegte Postanschrift informieren.<\/p>\n<p><strong>8. \u00c4nderungen der Datenschutzrichtlinie<\/strong><\/p>\n<p>Diese Datenschutzerkl\u00e4rung wird von Zeit zu Zeit \u00fcberarbeitet. Wir empfehlen daher, die Datenschutzerkl\u00e4rung regelm\u00e4\u00dfig zu \u00fcberpr\u00fcfen.<\/p>\n<\/div>\n<\/div>\n<\/div>\n<\/div>\n<\/div>\n<\/div>\n<\/div>\n<\/div><\/section>\n","protected":false},"excerpt":{"rendered":"","protected":false},"author":2,"featured_media":0,"parent":0,"menu_order":59,"comment_status":"closed","ping_status":"closed","template":"","meta":{"footnotes":""},"class_list":["post-424","page","type-page","status-publish","hentry"],"_links":{"self":[{"href":"https:\/\/www.hobas.com\/de\/wp-json\/wp\/v2\/pages\/424","targetHints":{"allow":["GET"]}}],"collection":[{"href":"https:\/\/www.hobas.com\/de\/wp-json\/wp\/v2\/pages"}],"about":[{"href":"https:\/\/www.hobas.com\/de\/wp-json\/wp\/v2\/types\/page"}],"author":[{"embeddable":true,"href":"https:\/\/www.hobas.com\/de\/wp-json\/wp\/v2\/users\/2"}],"replies":[{"embeddable":true,"href":"https:\/\/www.hobas.com\/de\/wp-json\/wp\/v2\/comments?post=424"}],"version-history":[{"count":3,"href":"https:\/\/www.hobas.com\/de\/wp-json\/wp\/v2\/pages\/424\/revisions"}],"predecessor-version":[{"id":435,"href":"https:\/\/www.hobas.com\/de\/wp-json\/wp\/v2\/pages\/424\/revisions\/435"}],"wp:attachment":[{"href":"https:\/\/www.hobas.com\/de\/wp-json\/wp\/v2\/media?parent=424"}],"curies":[{"name":"wp","href":"https:\/\/api.w.org\/{rel}","templated":true}]}}