{"id":678,"date":"2020-12-11T16:55:51","date_gmt":"2020-12-11T16:55:51","guid":{"rendered":"http:\/\/wp.hobas.com\/technology\/"},"modified":"2024-10-17T07:09:16","modified_gmt":"2024-10-17T07:09:16","slug":"technology","status":"publish","type":"page","link":"https:\/\/www.hobas.com\/es\/technology\/","title":{"rendered":"Tecnolog\u00eda"},"content":{"rendered":"<div id='full_slider_1'  class='avia-fullwidth-slider main_color avia-shadow   avia-builder-el-0  el_before_av_heading  avia-builder-el-first   container_wrap fullsize'  ><div  class='avia-slideshow av-kiknr6s1-b5d7c806f88f0afd6936ca0a7b879ca9 avia-slideshow-featured av_slideshow_full avia-slide-slider av-slideshow-ui av-control-default av-slideshow-manual av-loop-once av-loop-manual-endless av-default-height-applied   avia-slideshow-1' data-slideshow-options=\"{&quot;animation&quot;:&quot;slide&quot;,&quot;autoplay&quot;:false,&quot;loop_autoplay&quot;:&quot;once&quot;,&quot;interval&quot;:5,&quot;loop_manual&quot;:&quot;manual-endless&quot;,&quot;autoplay_stopper&quot;:false,&quot;noNavigation&quot;:false,&quot;bg_slider&quot;:false,&quot;keep_padding&quot;:false,&quot;hoverpause&quot;:false,&quot;show_slide_delay&quot;:0}\"  itemprop=\"image\" itemscope=\"itemscope\" itemtype=\"https:\/\/schema.org\/ImageObject\" ><ul class='avia-slideshow-inner ' style='padding-bottom: 26.666666666667%;'><li  class='avia-slideshow-slide av-kiknr6s1-b5d7c806f88f0afd6936ca0a7b879ca9__0  av-single-slide slide-1 slide-odd'><div data-rel='slideshow-1' class='avia-slide-wrap '   ><img decoding=\"async\" fetchpriority=\"high\" class=\"wp-image-688 avia-img-lazy-loading-not-688\"  src=\"https:\/\/www.hobas.com\/wp-content\/uploads\/2020\/12\/Centrifugal-casting-process-Hobas-technology-1500x400.jpg\" width=\"1500\" height=\"400\" title='Centrifugal-casting-process-Hobas-technology' alt='centrifugal casting process Hobas technology'  itemprop=\"thumbnailUrl\"   \/><\/div><\/li><\/ul><\/div><\/div><div id='after_full_slider_1'  class='main_color av_default_container_wrap container_wrap fullsize'  ><div class='container av-section-cont-open' ><div class='template-page content  av-content-full alpha units'><div class='post-entry post-entry-type-page post-entry-678'><div class='entry-content-wrapper clearfix'>\n\n<style type=\"text\/css\" data-created_by=\"avia_inline_auto\" id=\"style-css-av-f4t6e-9e47a2a7abb1248f18e0a77c308ffe2f\">\n#top .av-special-heading.av-f4t6e-9e47a2a7abb1248f18e0a77c308ffe2f{\npadding-bottom:10px;\n}\nbody .av-special-heading.av-f4t6e-9e47a2a7abb1248f18e0a77c308ffe2f .av-special-heading-tag .heading-char{\nfont-size:25px;\n}\n.av-special-heading.av-f4t6e-9e47a2a7abb1248f18e0a77c308ffe2f .av-subheading{\nfont-size:15px;\n}\n<\/style>\n<div  class='av-special-heading av-f4t6e-9e47a2a7abb1248f18e0a77c308ffe2f av-special-heading-h1 blockquote modern-quote modern-centered  avia-builder-el-1  el_after_av_slideshow_full  el_before_av_one_fifth  avia-builder-el-first '><h1 class='av-special-heading-tag '  itemprop=\"headline\"  >GRP pipes with Hobas centrifugal casting technology<\/h1><div class=\"special-heading-border\"><div class=\"special-heading-inner-border\"><\/div><\/div><\/div>\n\n<style type=\"text\/css\" data-created_by=\"avia_inline_auto\" id=\"style-css-av-ktfhn-b83e2d1b8288689189385e37265f706b\">\n.flex_column.av-ktfhn-b83e2d1b8288689189385e37265f706b{\nborder-radius:0px 0px 0px 0px;\npadding:0px 0px 0px 0px;\n}\n<\/style>\n<div  class='flex_column av-ktfhn-b83e2d1b8288689189385e37265f706b av_one_fifth  avia-builder-el-2  el_after_av_heading  el_before_av_three_fifth  first flex_column_div av-zero-column-padding  '     ><\/div>\n\n<style type=\"text\/css\" data-created_by=\"avia_inline_auto\" id=\"style-css-av-k42an-76b858dc06aaaf92dd9a96ac1617f965\">\n.flex_column.av-k42an-76b858dc06aaaf92dd9a96ac1617f965{\nborder-radius:0px 0px 0px 0px;\npadding:0px 0px 0px 0px;\n}\n<\/style>\n<div  class='flex_column av-k42an-76b858dc06aaaf92dd9a96ac1617f965 av_three_fifth  avia-builder-el-3  el_after_av_one_fifth  el_before_av_one_fifth  flex_column_div av-zero-column-padding  '     ><section  class='av_textblock_section av-kikns864-b487a1e9376a9b75274d2b1027f2b82d '   itemscope=\"itemscope\" itemtype=\"https:\/\/schema.org\/CreativeWork\" ><div class='avia_textblock'  itemprop=\"text\" ><p style=\"text-align: center;\">Las tuber\u00edas Hobas producidas con\u00a0<strong>tecnolog\u00eda Hobas por el m\u00e9todo de centrifugaci\u00f3n<\/strong>\u00a0se fabrican utilizando fibra de vidrio, resinas termoestables ( por ejemplo, poli\u00e9steres insaturados o vinil\u00e9steres), cargas inertes y arena s\u00edlice. Las tuber\u00edas son circulares con un di\u00e1metro exterior uniforme.<\/p>\n<p style=\"text-align: center;\">Las tuber\u00edas Hobas con la\u00a0<strong>tecnolog\u00eda Hobas<\/strong>\u00a0se producen mediante el\u00a0<strong>sistema centrifugado<\/strong>\u00a0en un proceso controlado al 100% mediante ordenador. Los cabezales de la m\u00e1quina de fabricaci\u00f3n aportan todas las materias primas, fibra de vidrio cortada, la resina y las cargas de refuerzo, en un molde que gira a alta velocidad. Capa a capa, en un proceso predefinido, la pared de la tuber\u00eda se construye desde fuera hacia dentro. Las cantidades de las materias primas se monitorizan y comparan con los valores de dise\u00f1o deseados para poder garantizar la trazabilidad de cada material utilizado durante la producci\u00f3n. Una gran fuerza centr\u00edfuga de hasta 75 g presiona los materiales contra la pared del molde compact\u00e1ndose al m\u00e1ximo, creando una pared de tuber\u00eda de gran calidad, muy s\u00f3lida y libre de vac\u00edos. Se utiliza agua para refrigerar el molde, quitando despu\u00e9s la tuber\u00eda a la cual se le corta y bisela sus extremos. Finalmente se monta un manguito de uni\u00f3n en el extremo de cada tubo.<\/p>\n<p style=\"text-align: center;\">El\u00a0<strong>proceso de fabricaci\u00f3n mediante centrifugaci\u00f3n<\/strong>\u00a0garantiza que las tuber\u00edas sean circulares, que el espesor de las paredes sea uniforme en toda su superf\u00edcie del di\u00e1metro exterior y que el material disponga de una resistencia a la compresi\u00f3n en sentido longitudinal extraordinaria, muy importante para el sistema de hinca. Gracias a la estructura tridimensional de conexi\u00f3n de la resina termoestable, la tuber\u00eda permanece estable incluso en ambientes muy c\u00e1lidos. La construcci\u00f3n en sandwich de la pared asegura tambi\u00e9n que las tuber\u00edas puedan aguantar grandes cargas sin problema y permite personalizar la resistencia de la tuber\u00eda para ajustarse a las necesidades espec\u00edficas de las distintas direcciones de carga.<\/p>\n<\/div><\/section><\/div>\n\n<style type=\"text\/css\" data-created_by=\"avia_inline_auto\" id=\"style-css-av-jl8d3-e38b95c04807c2323b3d8c7d4696984a\">\n.flex_column.av-jl8d3-e38b95c04807c2323b3d8c7d4696984a{\nborder-radius:0px 0px 0px 0px;\npadding:0px 0px 0px 0px;\n}\n<\/style>\n<div  class='flex_column av-jl8d3-e38b95c04807c2323b3d8c7d4696984a av_one_fifth  avia-builder-el-5  el_after_av_three_fifth  el_before_av_section  avia-builder-el-last  flex_column_div av-zero-column-padding  '     ><\/div>\n<\/div><\/div><\/div><!-- close content main div --><\/div><\/div>\n<style type=\"text\/css\" data-created_by=\"avia_inline_auto\" id=\"style-css-av-kiko1il8-b2cd97d3a5a22f89048c27bad3546525\">\n.avia-section.av-kiko1il8-b2cd97d3a5a22f89048c27bad3546525{\nbackground-color:#f2f2f2;\nbackground-image:unset;\n}\n<\/style>\n<div id='av_section_1'  class='avia-section av-kiko1il8-b2cd97d3a5a22f89048c27bad3546525 main_color avia-section-default avia-no-border-styling  avia-builder-el-6  el_after_av_one_fifth  el_before_av_one_fifth  avia-bg-style-scroll container_wrap fullsize'  ><div class='container av-section-cont-open' ><div class='template-page content  av-content-full alpha units'><div class='post-entry post-entry-type-page post-entry-678'><div class='entry-content-wrapper clearfix'>\n\n<style type=\"text\/css\" data-created_by=\"avia_inline_auto\" id=\"style-css-av-j02ej-36c5669162a1744fa2e59abb746ead58\">\n.flex_column.av-j02ej-36c5669162a1744fa2e59abb746ead58{\nborder-radius:0px 0px 0px 0px;\npadding:0px 0px 0px 0px;\n}\n<\/style>\n<div  class='flex_column av-j02ej-36c5669162a1744fa2e59abb746ead58 av_one_fifth  avia-builder-el-7  el_before_av_three_fifth  avia-builder-el-first  first flex_column_div av-zero-column-padding  '     ><\/div>\n<style type=\"text\/css\" data-created_by=\"avia_inline_auto\" id=\"style-css-av-i3cgz-2ceed41277c3de9eb4b1e19c556e8e47\">\n.flex_column.av-i3cgz-2ceed41277c3de9eb4b1e19c556e8e47{\nborder-radius:0px 0px 0px 0px;\npadding:0px 0px 0px 0px;\n}\n<\/style>\n<div  class='flex_column av-i3cgz-2ceed41277c3de9eb4b1e19c556e8e47 av_three_fifth  avia-builder-el-8  el_after_av_one_fifth  el_before_av_one_fifth  flex_column_div av-zero-column-padding  '     ><section  class='av_textblock_section av-kiknxppi-b17c8ae09a64b9a53cbd98781d2771f1 '   itemscope=\"itemscope\" itemtype=\"https:\/\/schema.org\/CreativeWork\" ><div class='avia_textblock'  itemprop=\"text\" ><p style=\"text-align: center;\">La siguiente figura muestra una secci\u00f3n transversal t\u00edpica de una tuber\u00eda que consiste en un laminado compuesto de fibra. La composici\u00f3n de las materias primas de cada capa puede variar dependiendo de la aplicaci\u00f3n. Por ejemplo, el grosor del n\u00facleo interno puede reducirse o incluso eliminarse para presiones m\u00e1s elevadas.<\/p>\n<\/div><\/section><br \/>\n<section  class='av_textblock_section av-kiknzx90-2b52ee4d407494c97b8114df0fe3cb7c '   itemscope=\"itemscope\" itemtype=\"https:\/\/schema.org\/CreativeWork\" ><div class='avia_textblock'  itemprop=\"text\" ><p><img loading=\"lazy\" decoding=\"async\" class=\"alignleft size-full wp-image-384\" src=\"\/wp-content\/uploads\/2020\/12\/Hobas-pipe-wall-structure-illustration.png\" alt=\"\" width=\"250\" height=\"200\" \/><\/p>\n<div class=\"wpb_column vc_column_container vc_col-sm-4\">\n<div class=\"vc_column-inner\">\n<div class=\"wpb_wrapper\">\n<div class=\"wpb_text_column wpb_content_element \">\n<div class=\"wpb_wrapper\">\n<p>1 Capa protectora exterior<br \/>\n2 Capa estructural exterior<br \/>\n3 Capa de transici\u00f3n<br \/>\n4 Capa de refuerzo<br \/>\n5 Capa de transici\u00f3n<br \/>\n6 Capa estructural interior<br \/>\n7 Capa de barrera<br \/>\n8 Capa interna de resina pura<\/p>\n<\/div>\n<\/div>\n<\/div>\n<\/div>\n<\/div>\n<div class=\"wpb_column vc_column_container vc_col-sm-2\">\n<div class=\"vc_column-inner\">\n<div class=\"wpb_wrapper\"><\/div>\n<\/div>\n<\/div>\n<div class=\"wpb_column vc_column_container vc_col-sm-12\">\n<div class=\"vc_column-inner\">\n<div class=\"wpb_wrapper\">\n<div class=\"vc_empty_space\"><\/div>\n<\/div>\n<\/div>\n<\/div>\n<\/div><\/section><\/p><\/div>\n<style type=\"text\/css\" data-created_by=\"avia_inline_auto\" id=\"style-css-av-1s3cf-59075b32b30f34523883b856b5bb8a15\">\n.flex_column.av-1s3cf-59075b32b30f34523883b856b5bb8a15{\nborder-radius:0px 0px 0px 0px;\npadding:0px 0px 0px 0px;\n}\n<\/style>\n<div  class='flex_column av-1s3cf-59075b32b30f34523883b856b5bb8a15 av_one_fifth  avia-builder-el-11  el_after_av_three_fifth  avia-builder-el-last  flex_column_div av-zero-column-padding  '     ><\/div>\n<\/div><\/div><\/div><!-- close content main div --><\/div><\/div><div id='after_section_1'  class='main_color av_default_container_wrap container_wrap fullsize'  ><div class='container av-section-cont-open' ><div class='template-page content  av-content-full alpha units'><div class='post-entry post-entry-type-page post-entry-678'><div class='entry-content-wrapper clearfix'>\n\n<style type=\"text\/css\" data-created_by=\"avia_inline_auto\" id=\"style-css-av-h4wnn-f79d865caa15639d3fd7225d6fb18db4\">\n.flex_column.av-h4wnn-f79d865caa15639d3fd7225d6fb18db4{\nborder-radius:0px 0px 0px 0px;\npadding:0px 0px 0px 0px;\n}\n<\/style>\n<div  class='flex_column av-h4wnn-f79d865caa15639d3fd7225d6fb18db4 av_one_fifth  avia-builder-el-12  el_after_av_section  el_before_av_three_fifth  avia-builder-el-first  first flex_column_div av-zero-column-padding  '     ><\/div>\n\n<style type=\"text\/css\" data-created_by=\"avia_inline_auto\" id=\"style-css-av-1nv6n-dcba7cfb0b98793faa9c971955b5d471\">\n.flex_column.av-1nv6n-dcba7cfb0b98793faa9c971955b5d471{\nborder-radius:0px 0px 0px 0px;\npadding:0px 0px 0px 0px;\n}\n<\/style>\n<div  class='flex_column av-1nv6n-dcba7cfb0b98793faa9c971955b5d471 av_three_fifth  avia-builder-el-13  el_after_av_one_fifth  el_before_av_one_fifth  flex_column_div av-zero-column-padding  '     ><p>\n<style type=\"text\/css\" data-created_by=\"avia_inline_auto\" id=\"style-css-av-kiszs680-a2b7a3d57756935176c1660a060119b9\">\n#top .av-special-heading.av-kiszs680-a2b7a3d57756935176c1660a060119b9{\npadding-bottom:10px;\n}\nbody .av-special-heading.av-kiszs680-a2b7a3d57756935176c1660a060119b9 .av-special-heading-tag .heading-char{\nfont-size:25px;\n}\n.av-special-heading.av-kiszs680-a2b7a3d57756935176c1660a060119b9 .av-subheading{\nfont-size:15px;\n}\n<\/style>\n<div  class='av-special-heading av-kiszs680-a2b7a3d57756935176c1660a060119b9 av-special-heading-h3 blockquote modern-quote  avia-builder-el-14  el_before_av_table  avia-builder-el-first '><h3 class='av-special-heading-tag '  itemprop=\"headline\"  >Datos t\u00e9cnicos de las tuber\u00edas Hobas con tecnolog\u00eda Hobas<\/h3><div class=\"special-heading-border\"><div class=\"special-heading-inner-border\"><\/div><\/div><\/div><br \/>\n<div class='avia-data-table-wrap av-fsrbn-592527c3581bdd1d4f96abd85c82f18f avia_responsive_table avia-table-1'><table  class='avia-table avia-data-table avia_pricing_default  avia-builder-el-15  el_after_av_heading  avia-builder-el-last '  itemscope=\"itemscope\" itemtype=\"https:\/\/schema.org\/Table\" ><tbody><tr class=''><td class=''>Materias primas\t<\/td><td class=''>resina, fibra de vidrio, arena<br \/>\n<\/td><\/tr><tr class=''><td class=''>Temperatura de operaci\u00f3n\t<\/td><td class=''>-50 \u00b0C a +70 \u00b0C, se pueden considerar temperaturas superiores para proyectos espec\u00edficos<br \/>\n<\/td><\/tr><tr class=''><td class=''>Longitud est\u00e1ndar\t<\/td><td class=''>6 y 3 m, se pueden suministrar otras longitudes bajo petici\u00f3n<br \/>\n<\/td><\/tr><tr class=''><td class=''>Rango de presi\u00f3n\t<\/td><td class=''>PN 1 \u2013 25<\/td><\/tr><tr class=''><td class=''>Protecci\u00f3n a la corrosi\u00f3n\t<\/td><td class=''>no necesaria<br \/>\n<\/td><\/tr><tr class=''><td class=''>Rugosidad hidr\u00e1ulica interior\t<\/td><td class=''>k = 0,01-0,016 mm (Colebrook-White)<br \/>\n<\/td><\/tr><tr class=''><td class=''>Resistencia a la limpieza por proyecci\u00f3n de agua a presi\u00f3n\t<\/td><td class=''>ensayado seg\u00fan la DIN 19523<br \/>\n<\/td><\/tr><\/tbody><\/table><\/div><\/p><\/div>\n<style type=\"text\/css\" data-created_by=\"avia_inline_auto\" id=\"style-css-av-x4zr-b9504afba696379d5912f42b5bee6240\">\n.flex_column.av-x4zr-b9504afba696379d5912f42b5bee6240{\nborder-radius:0px 0px 0px 0px;\npadding:0px 0px 0px 0px;\n}\n<\/style>\n<div  class='flex_column av-x4zr-b9504afba696379d5912f42b5bee6240 av_one_fifth  avia-builder-el-16  el_after_av_three_fifth  avia-builder-el-last  flex_column_div av-zero-column-padding  '     ><\/div><\/p>\n","protected":false},"excerpt":{"rendered":"","protected":false},"author":2,"featured_media":0,"parent":0,"menu_order":4,"comment_status":"closed","ping_status":"closed","template":"","meta":{"footnotes":""},"class_list":["post-678","page","type-page","status-publish","hentry"],"_links":{"self":[{"href":"https:\/\/www.hobas.com\/es\/wp-json\/wp\/v2\/pages\/678","targetHints":{"allow":["GET"]}}],"collection":[{"href":"https:\/\/www.hobas.com\/es\/wp-json\/wp\/v2\/pages"}],"about":[{"href":"https:\/\/www.hobas.com\/es\/wp-json\/wp\/v2\/types\/page"}],"author":[{"embeddable":true,"href":"https:\/\/www.hobas.com\/es\/wp-json\/wp\/v2\/users\/2"}],"replies":[{"embeddable":true,"href":"https:\/\/www.hobas.com\/es\/wp-json\/wp\/v2\/comments?post=678"}],"version-history":[{"count":9,"href":"https:\/\/www.hobas.com\/es\/wp-json\/wp\/v2\/pages\/678\/revisions"}],"predecessor-version":[{"id":2278,"href":"https:\/\/www.hobas.com\/es\/wp-json\/wp\/v2\/pages\/678\/revisions\/2278"}],"wp:attachment":[{"href":"https:\/\/www.hobas.com\/es\/wp-json\/wp\/v2\/media?parent=678"}],"curies":[{"name":"wp","href":"https:\/\/api.w.org\/{rel}","templated":true}]}}