{"id":689,"date":"2020-12-11T16:56:47","date_gmt":"2020-12-11T16:56:47","guid":{"rendered":"http:\/\/wp.hobas.com\/about-us\/"},"modified":"2022-08-04T07:09:23","modified_gmt":"2022-08-04T07:09:23","slug":"about-us","status":"publish","type":"page","link":"https:\/\/www.hobas.com\/es\/about-us\/","title":{"rendered":"Qui\u00e9nes Somos"},"content":{"rendered":"<div id='full_slider_1'  class='avia-fullwidth-slider main_color avia-shadow   avia-builder-el-0  el_before_av_one_fifth  avia-builder-el-first   container_wrap fullsize'  ><div  class='avia-slideshow av-kikng61i-3ba7b7b3f4ff828520ae891d4714c11e avia-slideshow-featured av_slideshow_full avia-slide-slider av-slideshow-ui av-control-default av-slideshow-manual av-loop-once av-loop-manual-endless av-default-height-applied   avia-slideshow-1' data-slideshow-options=\"{&quot;animation&quot;:&quot;slide&quot;,&quot;autoplay&quot;:false,&quot;loop_autoplay&quot;:&quot;once&quot;,&quot;interval&quot;:5,&quot;loop_manual&quot;:&quot;manual-endless&quot;,&quot;autoplay_stopper&quot;:false,&quot;noNavigation&quot;:false,&quot;bg_slider&quot;:false,&quot;keep_padding&quot;:false,&quot;hoverpause&quot;:false,&quot;show_slide_delay&quot;:0}\"  itemprop=\"image\" itemscope=\"itemscope\" itemtype=\"https:\/\/schema.org\/ImageObject\" ><ul class='avia-slideshow-inner ' style='padding-bottom: 28.666666666667%;'><li  class='avia-slideshow-slide av-kikng61i-3ba7b7b3f4ff828520ae891d4714c11e__0  av-single-slide slide-1 slide-odd'><div data-rel='slideshow-1' class='avia-slide-wrap '   ><img decoding=\"async\" fetchpriority=\"high\" class=\"wp-image-402 avia-img-lazy-loading-not-402\"  src=\"https:\/\/www.hobas.com\/wp-content\/uploads\/2020\/12\/Amiblu-pipe-factory-Germany-1-1500x430.jpg\" width=\"1500\" height=\"430\" title='Amiblu-pipe-factory-Germany-1' alt='Amiblu pipe factory Germany'  itemprop=\"thumbnailUrl\"   \/><\/div><\/li><\/ul><\/div><\/div><div id='after_full_slider_1'  class='main_color av_default_container_wrap container_wrap fullsize'  ><div class='container av-section-cont-open' ><div class='template-page content  av-content-full alpha units'><div class='post-entry post-entry-type-page post-entry-689'><div class='entry-content-wrapper clearfix'>\n\n<style type=\"text\/css\" data-created_by=\"avia_inline_auto\" id=\"style-css-av-7oq1z-884489a24b2ca50074030461ea5289c6\">\n.flex_column.av-7oq1z-884489a24b2ca50074030461ea5289c6{\nborder-radius:0px 0px 0px 0px;\npadding:0px 0px 0px 0px;\n}\n<\/style>\n<div  class='flex_column av-7oq1z-884489a24b2ca50074030461ea5289c6 av_one_fifth  avia-builder-el-1  el_after_av_slideshow_full  el_before_av_three_fifth  avia-builder-el-first  first flex_column_div av-zero-column-padding  '     ><\/div>\n\n<style type=\"text\/css\" data-created_by=\"avia_inline_auto\" id=\"style-css-av-6ngxf-a594eb0ae39e1643fc4f8e24866667d7\">\n.flex_column.av-6ngxf-a594eb0ae39e1643fc4f8e24866667d7{\nborder-radius:0px 0px 0px 0px;\npadding:0px 0px 0px 0px;\n}\n<\/style>\n<div  class='flex_column av-6ngxf-a594eb0ae39e1643fc4f8e24866667d7 av_three_fifth  avia-builder-el-2  el_after_av_one_fifth  el_before_av_one_fifth  flex_column_div av-zero-column-padding  '     ><p>\n<style type=\"text\/css\" data-created_by=\"avia_inline_auto\" id=\"style-css-av-av_heading-b19440d00dcf7366cabb75413bb3ac54\">\n#top .av-special-heading.av-av_heading-b19440d00dcf7366cabb75413bb3ac54{\npadding-bottom:10px;\n}\nbody .av-special-heading.av-av_heading-b19440d00dcf7366cabb75413bb3ac54 .av-special-heading-tag .heading-char{\nfont-size:25px;\n}\n.av-special-heading.av-av_heading-b19440d00dcf7366cabb75413bb3ac54 .av-subheading{\nfont-size:15px;\n}\n<\/style>\n<div  class='av-special-heading av-av_heading-b19440d00dcf7366cabb75413bb3ac54 av-special-heading-h1 blockquote modern-quote modern-centered  avia-builder-el-3  el_before_av_textblock  avia-builder-el-first '><h1 class='av-special-heading-tag '  itemprop=\"headline\"  >Historia de la tecnolog\u00eda Hobas<\/h1><div class=\"special-heading-border\"><div class=\"special-heading-inner-border\"><\/div><\/div><\/div><br \/>\n<section  class='av_textblock_section av-kikkl5tl-0382006f3013d66c29af0fbb4a10d4fe '   itemscope=\"itemscope\" itemtype=\"https:\/\/schema.org\/CreativeWork\" ><div class='avia_textblock'  itemprop=\"text\" ><p style=\"text-align: center;\">Todo empez\u00f3 modestamente en Basle Dye Works en 1957, donde se empleaban cilindros de madera para el proceso de te\u00f1ido . Estos cilindros se astillaban y deformaban al cabo de un tiempo, poniendo en riesgo los caros tejidos. Buscando un sustituto adecuado para los cilindros, los ingenieros de la f\u00e1brica desarrollaron el m\u00e9todo centrifugado usando PRFV. Gracias a este m\u00e9todo y a este material, consiguieron cilindros perfectamente conc\u00e9ntricos con un di\u00e1metro exterior preciso y una superficie suave, tal y como era necesario.<\/p>\n<p style=\"text-align: center;\">El PRFV se hab\u00eda usado previamente en la construcci\u00f3n de barcos, en la industria automovil\u00edstica y en la aeron\u00e1utica. Sin embargo, su resistencia tanto a la corrosi\u00f3n como a los qu\u00edmicos tambi\u00e9n lo convirti\u00f3 en un candidato adecuado para otras aplicaciones. Los suizos, con su esp\u00edritu de renovaci\u00f3n y de emprendimiento, reconocieron sus beneficios y usaron tuber\u00edas centrifugadas para transportar agua, y se cre\u00f3 una nueva empresa:\u00a0Hobas. Estas tuber\u00edas de tiempos pasados siguen emple\u00e1ndose hoy en d\u00eda. Poco a poco, los productos fueron mejorando, el proceso de fabricaci\u00f3n fue automatizado, el rango de productos ampliado y tambi\u00e9n se sumaron a la oferta los accesorios hechos a medida.<\/p>\n<\/div><\/section><br \/>\n\n<style type=\"text\/css\" data-created_by=\"avia_inline_auto\" id=\"style-css-av-av_heading-3129befae070d99ff77b5632d595b1b0\">\n#top .av-special-heading.av-av_heading-3129befae070d99ff77b5632d595b1b0{\nmargin:20px 0 0 0;\npadding-bottom:10px;\n}\nbody .av-special-heading.av-av_heading-3129befae070d99ff77b5632d595b1b0 .av-special-heading-tag .heading-char{\nfont-size:25px;\n}\n.av-special-heading.av-av_heading-3129befae070d99ff77b5632d595b1b0 .av-subheading{\nfont-size:15px;\n}\n<\/style>\n<div  class='av-special-heading av-av_heading-3129befae070d99ff77b5632d595b1b0 av-special-heading-h1 blockquote modern-quote modern-centered  avia-builder-el-5  el_after_av_textblock  el_before_av_textblock '><h1 class='av-special-heading-tag '  itemprop=\"headline\"  >Hobas forma parte del Grupo Amiblu<\/h1><div class=\"special-heading-border\"><div class=\"special-heading-inner-border\"><\/div><\/div><\/div><br \/>\n<section  class='av_textblock_section av-kikklmv5-c485da215f357f9aed6d48c0e08866e2 '   itemscope=\"itemscope\" itemtype=\"https:\/\/schema.org\/CreativeWork\" ><div class='avia_textblock'  itemprop=\"text\" ><p style=\"text-align: center;\">La tecnolog\u00eda Hobas es propiedad y est\u00e1 licenciada por el Grupo\u00a0<a href=\"https:\/\/www.amiblu.com\/es\/\" target=\"_blank\" rel=\"noopener noreferrer\">Amiblu<\/a>. En 2017, las dos empresas l\u00edderes del mercado de tuber\u00edas de poli\u00e9ster reforzado con fibra de vidrio (PRFV), Hobas Europe, de parte de\u00a0Wietersdorfer Holding GmbH, y\u00a0Amiantit\u00a0Europe, se unieron para formar una empresa conjunta, Amiblu. La sede central de Amiblu se encuentra en Klagenfurt, Austria, y la empresa tiene plantas de producci\u00f3n en Alemania, Espa\u00f1a, Polonia y Rumania. Cuenta con un centro de I+D en Noruega y emplea a unas 1.500 personas.<\/p>\n<\/div><\/section><\/p><\/div>\n<style type=\"text\/css\" data-created_by=\"avia_inline_auto\" id=\"style-css-av-6geon-861c8eeed6794bb56148f83762a5a397\">\n.flex_column.av-6geon-861c8eeed6794bb56148f83762a5a397{\nborder-radius:0px 0px 0px 0px;\npadding:0px 0px 0px 0px;\n}\n<\/style>\n<div  class='flex_column av-6geon-861c8eeed6794bb56148f83762a5a397 av_one_fifth  avia-builder-el-7  el_after_av_three_fifth  el_before_av_section  avia-builder-el-last  flex_column_div av-zero-column-padding  '     ><\/div><\/p>\n<\/div><\/div><\/div><!-- close content main div --><\/div><\/div>\n<style type=\"text\/css\" data-created_by=\"avia_inline_auto\" id=\"style-css-av-kikkjja2-588f8de42d38537099cd72241c103809\">\n.avia-section.av-kikkjja2-588f8de42d38537099cd72241c103809{\nbackground-color:#f2f2f2;\nbackground-image:unset;\n}\n<\/style>\n<div id='av_section_1'  class='avia-section av-kikkjja2-588f8de42d38537099cd72241c103809 main_color avia-section-default avia-no-border-styling  avia-builder-el-8  el_after_av_one_fifth  avia-builder-el-last  avia-bg-style-scroll container_wrap fullsize'  ><div class='container av-section-cont-open' ><div class='template-page content  av-content-full alpha units'><div class='post-entry post-entry-type-page post-entry-689'><div class='entry-content-wrapper clearfix'>\n\n<style type=\"text\/css\" data-created_by=\"avia_inline_auto\" id=\"style-css-av-7oq1z-884489a24b2ca50074030461ea5289c6\">\n.flex_column.av-7oq1z-884489a24b2ca50074030461ea5289c6{\nborder-radius:0px 0px 0px 0px;\npadding:0px 0px 0px 0px;\n}\n<\/style>\n<div  class='flex_column av-7oq1z-884489a24b2ca50074030461ea5289c6 av_one_fifth  avia-builder-el-9  el_before_av_three_fifth  avia-builder-el-first  first flex_column_div av-zero-column-padding  '     ><\/div>\n<style type=\"text\/css\" data-created_by=\"avia_inline_auto\" id=\"style-css-av-jjsr-9b4785745cede3bd4494e9f7d2c12162\">\n.flex_column.av-jjsr-9b4785745cede3bd4494e9f7d2c12162{\nborder-radius:0px 0px 0px 0px;\npadding:0px 0px 0px 0px;\n}\n<\/style>\n<div  class='flex_column av-jjsr-9b4785745cede3bd4494e9f7d2c12162 av_three_fifth  avia-builder-el-10  el_after_av_one_fifth  el_before_av_one_fifth  flex_column_div av-zero-column-padding  '     ><p>\n<style type=\"text\/css\" data-created_by=\"avia_inline_auto\" id=\"style-css-av-1i6z3l-666359f35f072adaea23d0fadc63f23d\">\n#top .av-special-heading.av-1i6z3l-666359f35f072adaea23d0fadc63f23d{\npadding-bottom:10px;\n}\nbody .av-special-heading.av-1i6z3l-666359f35f072adaea23d0fadc63f23d .av-special-heading-tag .heading-char{\nfont-size:25px;\n}\n.av-special-heading.av-1i6z3l-666359f35f072adaea23d0fadc63f23d .av-subheading{\nfont-size:15px;\n}\n<\/style>\n<div  class='av-special-heading av-1i6z3l-666359f35f072adaea23d0fadc63f23d av-special-heading-h3 blockquote modern-quote  avia-builder-el-11  el_before_av_timeline  avia-builder-el-first '><h3 class='av-special-heading-tag '  itemprop=\"headline\"  >Cronolog\u00eda<\/h3><div class=\"special-heading-border\"><div class=\"special-heading-inner-border\"><\/div><\/div><\/div><br \/>\n<div  id=\"avia-timeline-1\"  class='avia-timeline-container av-kikks3jh-57876274b7116dfe56da0bf47ea6ebdb av-slideshow-ui  avia-builder-el-12  el_after_av_heading  avia-builder-el-last ' ><ul class='avia-timeline avia-timeline-vertical av-milestone-placement-left avia-timeline-boxshadow avia_animate_when_almost_visible avia-timeline-animate'>\n<li  class='av-milestone av-1ccqfd-1c4b5e446d8d3761de63d1cec7cec2c1 av-animated-generic fade-in av-milestone-valign-baseline av-milestone-odd'><h2 class='av-milestone-date ' id='milestone-1957' ><strong>1957<span class='av-milestone-indicator'><\/span><\/strong><\/h2><div class=\"av-milestone-icon-wrap\"><span class='av-milestone-icon milestone_icon avia-font-entypo-fontello'><span class='av-milestone-icon-inner milestone_inner'><i class='milestone-char' aria-hidden='true' data-av_icon='\ue875' data-av_iconfont='entypo-fontello'><\/i><\/span><\/span><\/div><article class='av-milestone-content-wrap'><div class='av-milestone-contentbox'><div class='av-milestone-content'><p>Primera producci\u00f3n de tuber\u00edas centrifugadas en PRFV en Suiza<\/p>\n<\/div><\/div><footer class='av-milestone-article-footer entry-footer'><\/footer><\/article><\/li>\n<li  class='av-milestone av-16jwoh-73cc8f98e759490491de3d5b357948e0 av-animated-generic fade-in av-milestone-valign-baseline av-milestone-even'><h2 class='av-milestone-date ' id='milestone-1984' ><strong>1984<span class='av-milestone-indicator'><\/span><\/strong><\/h2><div class=\"av-milestone-icon-wrap\"><span class='av-milestone-icon milestone_icon avia-font-entypo-fontello'><span class='av-milestone-icon-inner milestone_inner'><i class='milestone-char' aria-hidden='true' data-av_icon='\ue875' data-av_iconfont='entypo-fontello'><\/i><\/span><\/span><\/div><article class='av-milestone-content-wrap'><div class='av-milestone-contentbox'><div class='av-milestone-content'><p>Uni\u00f3n de las empresas Hobas y Wietersdorfer Group<\/p>\n<\/div><\/div><footer class='av-milestone-article-footer entry-footer'><\/footer><\/article><\/li>\n<li  class='av-milestone av-15edb5-8c18d30798f365e8ff1f3c5e06eee4ab av-animated-generic fade-in av-milestone-valign-baseline av-milestone-odd'><h2 class='av-milestone-date ' id='milestone-1987' ><strong>1987<span class='av-milestone-indicator'><\/span><\/strong><\/h2><div class=\"av-milestone-icon-wrap\"><span class='av-milestone-icon milestone_icon avia-font-entypo-fontello'><span class='av-milestone-icon-inner milestone_inner'><i class='milestone-char' aria-hidden='true' data-av_icon='\ue875' data-av_iconfont='entypo-fontello'><\/i><\/span><\/span><\/div><article class='av-milestone-content-wrap'><div class='av-milestone-contentbox'><div class='av-milestone-content'><p>Hobas abre una planta de tuber\u00edas en EE.UU.<\/p>\n<\/div><\/div><footer class='av-milestone-article-footer entry-footer'><\/footer><\/article><\/li>\n<li  class='av-milestone av-uu7cp-5bc11fdbc3e0f4bd0fd50df455796483 av-animated-generic fade-in av-milestone-valign-baseline av-milestone-even'><h2 class='av-milestone-date ' id='milestone-2003' ><strong>2003<span class='av-milestone-indicator'><\/span><\/strong><\/h2><div class=\"av-milestone-icon-wrap\"><span class='av-milestone-icon milestone_icon avia-font-entypo-fontello'><span class='av-milestone-icon-inner milestone_inner'><i class='milestone-char' aria-hidden='true' data-av_icon='\ue875' data-av_iconfont='entypo-fontello'><\/i><\/span><\/span><\/div><article class='av-milestone-content-wrap'><div class='av-milestone-contentbox'><div class='av-milestone-content'><p>Primera producci\u00f3n de tuber\u00edas de PRFV no circulares en Alemania<\/p>\n<\/div><\/div><footer class='av-milestone-article-footer entry-footer'><\/footer><\/article><\/li>\n<li  class='av-milestone av-r4ya9-f09cd9f9ed0fb6a1cccd5e24a5039ce9 av-animated-generic fade-in av-milestone-valign-baseline av-milestone-odd'><h2 class='av-milestone-date ' id='milestone-2007' ><strong>2007<span class='av-milestone-indicator'><\/span><\/strong><\/h2><div class=\"av-milestone-icon-wrap\"><span class='av-milestone-icon milestone_icon avia-font-entypo-fontello'><span class='av-milestone-icon-inner milestone_inner'><i class='milestone-char' aria-hidden='true' data-av_icon='\ue875' data-av_iconfont='entypo-fontello'><\/i><\/span><\/span><\/div><article class='av-milestone-content-wrap'><div class='av-milestone-contentbox'><div class='av-milestone-content'><p>50 aniversario de Hobas<\/p>\n<\/div><\/div><footer class='av-milestone-article-footer entry-footer'><\/footer><\/article><\/li>\n<li  class='av-milestone av-20z2p-05f4a28633a4a38df1fd948c325da30a av-animated-generic fade-in av-milestone-valign-baseline av-milestone-even'><h2 class='av-milestone-date ' id='milestone-2016' ><strong>2016<span class='av-milestone-indicator'><\/span><\/strong><\/h2><div class=\"av-milestone-icon-wrap\"><span class='av-milestone-icon milestone_icon avia-font-entypo-fontello'><span class='av-milestone-icon-inner milestone_inner'><i class='milestone-char' aria-hidden='true' data-av_icon='\ue875' data-av_iconfont='entypo-fontello'><\/i><\/span><\/span><\/div><article class='av-milestone-content-wrap'><div class='av-milestone-contentbox'><div class='av-milestone-content'><p>Wietersdorfer (propietario del Grupo Hobas) y Amiantit Europe anuncian la intenci\u00f3n de las empresas de fusionar sus negocios europeos<\/p>\n<\/div><\/div><footer class='av-milestone-article-footer entry-footer'><\/footer><\/article><\/li>\n<li  class='av-milestone av-gyycx-764d09c7ff0f9bd93086824e1bc0a7f3 av-animated-generic fade-in av-milestone-valign-baseline av-milestone-odd'><h2 class='av-milestone-date ' id='milestone-2017' ><strong>2017<span class='av-milestone-indicator'><\/span><\/strong><\/h2><div class=\"av-milestone-icon-wrap\"><span class='av-milestone-icon milestone_icon avia-font-entypo-fontello'><span class='av-milestone-icon-inner milestone_inner'><i class='milestone-char' aria-hidden='true' data-av_icon='\ue875' data-av_iconfont='entypo-fontello'><\/i><\/span><\/span><\/div><article class='av-milestone-content-wrap'><div class='av-milestone-contentbox'><div class='av-milestone-content'><p>La Comisi\u00f3n de la UE aprueba la fusi\u00f3n y se crea <a href=\"https:\/\/www.amiblu.com\">Amiblu<\/a> con la propiedad de la tecnolog\u00eda Hobas<\/p>\n<\/div><\/div><footer class='av-milestone-article-footer entry-footer'><\/footer><\/article><\/li>\n<li  class='av-milestone av-88f21-3fb49a6c4f4d69eb25c8cdcc2ed3f62e av-animated-generic fade-in av-milestone-valign-baseline av-milestone-even'><h2 class='av-milestone-date ' id='milestone-2018' ><strong>2018<span class='av-milestone-indicator'><\/span><\/strong><\/h2><div class=\"av-milestone-icon-wrap\"><span class='av-milestone-icon milestone_icon avia-font-entypo-fontello'><span class='av-milestone-icon-inner milestone_inner'><i class='milestone-char' aria-hidden='true' data-av_icon='\ue875' data-av_iconfont='entypo-fontello'><\/i><\/span><\/span><\/div><article class='av-milestone-content-wrap'><div class='av-milestone-contentbox'><div class='av-milestone-content'><p>Amiblu abre unas instalaciones de producci\u00f3n de accesorios en PRFV de \u00faltima generaci\u00f3n<\/p>\n<\/div><\/div><footer class='av-milestone-article-footer entry-footer'><\/footer><\/article><\/li>\n<\/ul><\/div><\/p><\/div>\n<style type=\"text\/css\" data-created_by=\"avia_inline_auto\" id=\"style-css-av-7oq1z-ad987aaf7fcf4646af1b20448118422f\">\n.flex_column.av-7oq1z-ad987aaf7fcf4646af1b20448118422f{\nborder-radius:0px 0px 0px 0px;\npadding:0px 0px 0px 0px;\n}\n<\/style>\n<div  class='flex_column av-7oq1z-ad987aaf7fcf4646af1b20448118422f av_one_fifth  avia-builder-el-13  el_after_av_three_fifth  avia-builder-el-last  flex_column_div av-zero-column-padding  '     ><\/div>\n\n","protected":false},"excerpt":{"rendered":"","protected":false},"author":2,"featured_media":0,"parent":0,"menu_order":6,"comment_status":"closed","ping_status":"closed","template":"","meta":{"footnotes":""},"class_list":["post-689","page","type-page","status-publish","hentry"],"_links":{"self":[{"href":"https:\/\/www.hobas.com\/es\/wp-json\/wp\/v2\/pages\/689","targetHints":{"allow":["GET"]}}],"collection":[{"href":"https:\/\/www.hobas.com\/es\/wp-json\/wp\/v2\/pages"}],"about":[{"href":"https:\/\/www.hobas.com\/es\/wp-json\/wp\/v2\/types\/page"}],"author":[{"embeddable":true,"href":"https:\/\/www.hobas.com\/es\/wp-json\/wp\/v2\/users\/2"}],"replies":[{"embeddable":true,"href":"https:\/\/www.hobas.com\/es\/wp-json\/wp\/v2\/comments?post=689"}],"version-history":[{"count":10,"href":"https:\/\/www.hobas.com\/es\/wp-json\/wp\/v2\/pages\/689\/revisions"}],"predecessor-version":[{"id":1961,"href":"https:\/\/www.hobas.com\/es\/wp-json\/wp\/v2\/pages\/689\/revisions\/1961"}],"wp:attachment":[{"href":"https:\/\/www.hobas.com\/es\/wp-json\/wp\/v2\/media?parent=689"}],"curies":[{"name":"wp","href":"https:\/\/api.w.org\/{rel}","templated":true}]}}