{"id":691,"date":"2020-12-11T16:57:10","date_gmt":"2020-12-11T16:57:10","guid":{"rendered":"http:\/\/wp.hobas.com\/downloads\/"},"modified":"2022-04-21T06:04:23","modified_gmt":"2022-04-21T06:04:23","slug":"downloads","status":"publish","type":"page","link":"https:\/\/www.hobas.com\/es\/downloads\/","title":{"rendered":"Descargas"},"content":{"rendered":"<div id='full_slider_1'  class='avia-fullwidth-slider main_color avia-shadow   avia-builder-el-0  el_before_av_heading  avia-builder-el-first   container_wrap fullsize'  ><div  class='avia-slideshow av-kilqlqh9-d121da786798c3d005f39d3da4c07709 avia-slideshow-featured av_slideshow_full avia-slide-slider av-slideshow-ui av-control-default av-slideshow-manual av-loop-once av-loop-manual-endless av-default-height-applied   avia-slideshow-1' data-slideshow-options=\"{&quot;animation&quot;:&quot;slide&quot;,&quot;autoplay&quot;:false,&quot;loop_autoplay&quot;:&quot;once&quot;,&quot;interval&quot;:5,&quot;loop_manual&quot;:&quot;manual-endless&quot;,&quot;autoplay_stopper&quot;:false,&quot;noNavigation&quot;:false,&quot;bg_slider&quot;:false,&quot;keep_padding&quot;:false,&quot;hoverpause&quot;:false,&quot;show_slide_delay&quot;:0}\"  itemprop=\"image\" itemscope=\"itemscope\" itemtype=\"https:\/\/schema.org\/ImageObject\" ><ul class='avia-slideshow-inner ' style='padding-bottom: 26.666666666667%;'><li  class='avia-slideshow-slide av-kilqlqh9-d121da786798c3d005f39d3da4c07709__0  av-single-slide slide-1 slide-odd'><div data-rel='slideshow-1' class='avia-slide-wrap '   ><img decoding=\"async\" fetchpriority=\"high\" class=\"wp-image-694 avia-img-lazy-loading-not-694\"  src=\"https:\/\/www.hobas.com\/wp-content\/uploads\/2020\/12\/Desk-office-working-1500x400.jpg\" width=\"1500\" height=\"400\" title='Desk-office-working' alt='desk office working'  itemprop=\"thumbnailUrl\"   \/><\/div><\/li><\/ul><\/div><\/div><div id='after_full_slider_1'  class='main_color av_default_container_wrap container_wrap fullsize'  ><div class='container av-section-cont-open' ><div class='template-page content  av-content-full alpha units'><div class='post-entry post-entry-type-page post-entry-691'><div class='entry-content-wrapper clearfix'>\n\n<style type=\"text\/css\" data-created_by=\"avia_inline_auto\" id=\"style-css-av-av_heading-dacbb8d397442f5b727027279a0a6dc2\">\n#top .av-special-heading.av-av_heading-dacbb8d397442f5b727027279a0a6dc2{\npadding-bottom:10px;\n}\nbody .av-special-heading.av-av_heading-dacbb8d397442f5b727027279a0a6dc2 .av-special-heading-tag .heading-char{\nfont-size:25px;\n}\n.av-special-heading.av-av_heading-dacbb8d397442f5b727027279a0a6dc2 .av-subheading{\nfont-size:15px;\n}\n<\/style>\n<div  class='av-special-heading av-av_heading-dacbb8d397442f5b727027279a0a6dc2 av-special-heading-h1 blockquote modern-quote modern-centered  avia-builder-el-1  el_after_av_slideshow_full  el_before_av_textblock  avia-builder-el-first '><h1 class='av-special-heading-tag '  itemprop=\"headline\"  >Cat\u00e1logos Hobas<\/h1><div class=\"special-heading-border\"><div class=\"special-heading-inner-border\"><\/div><\/div><\/div>\n<section  class='av_textblock_section av-kilqkccm-11647294456e506e9187057f152fa7b1 '   itemscope=\"itemscope\" itemtype=\"https:\/\/schema.org\/CreativeWork\" ><div class='avia_textblock'  itemprop=\"text\" ><p style=\"text-align: center;\">Descargue y lea nuestro cat\u00e1logo para descubrir m\u00e1s sobre Hobas y el mundo de los sitemas de tuber\u00edas de CC-PRFV.<br \/>\nVer m\u00e1s folletos en\u00a0<a href=\"https:\/\/www.amiblu.com\/es\/descargas\/\" target=\"_blank\" rel=\"noopener noreferrer\">www.amiblu.com\/es\/descargas<\/a>.<\/p>\n<\/div><\/section>\n<\/div><\/div><\/div><!-- close content main div --><\/div><\/div>\n<style type=\"text\/css\" data-created_by=\"avia_inline_auto\" id=\"style-css-av-kilqjpmf-270029e8e4f41f01e7ba7b56bb5c5a19\">\n.avia-section.av-kilqjpmf-270029e8e4f41f01e7ba7b56bb5c5a19{\nbackground-color:#f2f2f2;\nbackground-image:unset;\n}\n<\/style>\n<div id='av_section_1'  class='avia-section av-kilqjpmf-270029e8e4f41f01e7ba7b56bb5c5a19 main_color avia-section-default avia-no-border-styling  avia-builder-el-3  el_after_av_textblock  avia-builder-el-last  avia-bg-style-scroll container_wrap fullsize'  ><div class='container av-section-cont-open' ><div class='template-page content  av-content-full alpha units'><div class='post-entry post-entry-type-page post-entry-691'><div class='entry-content-wrapper clearfix'>\n\n<style type=\"text\/css\" data-created_by=\"avia_inline_auto\" id=\"style-css-av-8j08b-bc31ca8158db656555638f319349d206\">\n#top .av-special-heading.av-8j08b-bc31ca8158db656555638f319349d206{\npadding-bottom:10px;\n}\nbody .av-special-heading.av-8j08b-bc31ca8158db656555638f319349d206 .av-special-heading-tag .heading-char{\nfont-size:25px;\n}\n.av-special-heading.av-8j08b-bc31ca8158db656555638f319349d206 .av-subheading{\nfont-size:15px;\n}\n<\/style>\n<div  class='av-special-heading av-8j08b-bc31ca8158db656555638f319349d206 av-special-heading-h3 blockquote modern-quote  avia-builder-el-4  el_before_av_one_fourth  avia-builder-el-first '><h3 class='av-special-heading-tag '  itemprop=\"headline\"  >PRODUCTOS I INSTALACI\u00d3N<\/h3><div class=\"special-heading-border\"><div class=\"special-heading-inner-border\"><\/div><\/div><\/div>\n\n<style type=\"text\/css\" data-created_by=\"avia_inline_auto\" id=\"style-css-av-2jobt-5b36038246e90cb9869b454d096a9f57\">\n.flex_column.av-2jobt-5b36038246e90cb9869b454d096a9f57{\nborder-radius:0px 0px 0px 0px;\npadding:0px 0px 0px 0px;\n}\n<\/style>\n<div  class='flex_column av-2jobt-5b36038246e90cb9869b454d096a9f57 av_one_fourth  avia-builder-el-5  el_after_av_heading  el_before_av_one_fourth  first flex_column_div av-zero-column-padding  '     ><p>\n<style type=\"text\/css\" data-created_by=\"avia_inline_auto\" id=\"style-css-av-kikjg8o9-4d717986119889ff52396ba61eaecfd0\">\n.avia-image-container.av-kikjg8o9-4d717986119889ff52396ba61eaecfd0 img.avia_image{\nbox-shadow:none;\n}\n.avia-image-container.av-kikjg8o9-4d717986119889ff52396ba61eaecfd0 .av-image-caption-overlay-center{\ncolor:#ffffff;\n}\n<\/style>\n<div  class='avia-image-container av-kikjg8o9-4d717986119889ff52396ba61eaecfd0 av-styling- av-img-linked avia-align-left  avia-builder-el-6  el_before_av_textblock  avia-builder-el-first '   itemprop=\"image\" itemscope=\"itemscope\" itemtype=\"https:\/\/schema.org\/ImageObject\" ><div class=\"avia-image-container-inner\"><div class=\"avia-image-overlay-wrap\"><a href=\"https:\/\/www.hobas.com\/wp-content\/uploads\/Sistemas-de-tuberia-de-PRFV-Hobas-PN1.pdf\" class='avia_image ' target=\"_blank\" rel=\"noopener noreferrer\" aria-label='2001-Datos-tecnicos-del-producto-Hobas-PN1-Cover'><img decoding=\"async\" fetchpriority=\"high\" class='wp-image-1687 avia-img-lazy-loading-not-1687 avia_image ' src=\"https:\/\/www.hobas.com\/wp-content\/uploads\/2001-Datos-tecnicos-del-producto-Hobas-PN1-Cover.jpg\" alt='Datos t\u00e9cnicos del producto Hobas PN 1' title='2001-Datos-tecnicos-del-producto-Hobas-PN1-Cover'  height=\"250\" width=\"177\"  itemprop=\"thumbnailUrl\"  \/><\/a><\/div><\/div><\/div><br \/>\n<section  class='av_textblock_section av-kikjdh7r-8fe5a4dfbd2bd40bf5421248077bfca6 '   itemscope=\"itemscope\" itemtype=\"https:\/\/schema.org\/CreativeWork\" ><div class='avia_textblock'  itemprop=\"text\" ><p><strong>Datos t\u00e9cnicos del producto Hobas PN 1<br \/>\n[<a href=\"https:\/\/www.hobas.com\/wp-content\/uploads\/Sistemas-de-tuberia-de-PRFV-Hobas-PN1.pdf\" target=\"_blank\" rel=\"noopener\">PDF espa\u00f1ol<\/a>]<br \/>\n<\/strong><\/p>\n<\/div><\/section><\/p><\/div>\n<style type=\"text\/css\" data-created_by=\"avia_inline_auto\" id=\"style-css-av-2jobt-a64013ff76744f8d5cf7278846085f36\">\n.flex_column.av-2jobt-a64013ff76744f8d5cf7278846085f36{\nborder-radius:0px 0px 0px 0px;\npadding:0px 0px 0px 0px;\n}\n<\/style>\n<div  class='flex_column av-2jobt-a64013ff76744f8d5cf7278846085f36 av_one_fourth  avia-builder-el-8  el_after_av_one_fourth  avia-builder-el-last  flex_column_div av-zero-column-padding  '     ><p>\n<style type=\"text\/css\" data-created_by=\"avia_inline_auto\" id=\"style-css-av-kikjg8o9-22a7d6769de0ec55618e17c3ca59cb9d\">\n.avia-image-container.av-kikjg8o9-22a7d6769de0ec55618e17c3ca59cb9d img.avia_image{\nbox-shadow:none;\n}\n.avia-image-container.av-kikjg8o9-22a7d6769de0ec55618e17c3ca59cb9d .av-image-caption-overlay-center{\ncolor:#ffffff;\n}\n<\/style>\n<div  class='avia-image-container av-kikjg8o9-22a7d6769de0ec55618e17c3ca59cb9d av-styling- av-img-linked avia-align-left  avia-builder-el-9  el_before_av_textblock  avia-builder-el-first '   itemprop=\"image\" itemscope=\"itemscope\" itemtype=\"https:\/\/schema.org\/ImageObject\" ><div class=\"avia-image-container-inner\"><div class=\"avia-image-overlay-wrap\"><a href=\"\/wp-content\/uploads\/1712_HOBAS-Installation-Manual_E_web.pdf\" class='avia_image ' target=\"_blank\" rel=\"noopener noreferrer\" aria-label='Hobas-Installation-Manual-detailed-version-cover-177x250'><img decoding=\"async\" fetchpriority=\"high\" class='wp-image-1578 avia-img-lazy-loading-not-1578 avia_image ' src=\"https:\/\/www.hobas.com\/wp-content\/uploads\/2020\/12\/Hobas-Installation-Manual-detailed-version-cover-177x250-1.jpg\" alt='cover Hobas installation manual' title='Hobas-Installation-Manual-detailed-version-cover-177x250'  height=\"250\" width=\"177\"  itemprop=\"thumbnailUrl\"  \/><\/a><\/div><\/div><\/div><br \/>\n<section  class='av_textblock_section av-kikjdh7r-8fe5a4dfbd2bd40bf5421248077bfca6 '   itemscope=\"itemscope\" itemtype=\"https:\/\/schema.org\/CreativeWork\" ><div class='avia_textblock'  itemprop=\"text\" ><p><strong>Manual de Instalaci\u00f3n<br \/>\n[<a href=\"\/wp-content\/uploads\/1712_HOBAS-Installation-Manual_E_web.pdf\" target=\"_blank\" rel=\"noopener noreferrer\">PDF ingl\u00e9s<\/a>]<br \/>\n<\/strong><\/p>\n<\/div><\/section><\/p><\/div>\n\n","protected":false},"excerpt":{"rendered":"","protected":false},"author":2,"featured_media":0,"parent":0,"menu_order":7,"comment_status":"closed","ping_status":"closed","template":"","meta":{"footnotes":""},"class_list":["post-691","page","type-page","status-publish","hentry"],"_links":{"self":[{"href":"https:\/\/www.hobas.com\/es\/wp-json\/wp\/v2\/pages\/691","targetHints":{"allow":["GET"]}}],"collection":[{"href":"https:\/\/www.hobas.com\/es\/wp-json\/wp\/v2\/pages"}],"about":[{"href":"https:\/\/www.hobas.com\/es\/wp-json\/wp\/v2\/types\/page"}],"author":[{"embeddable":true,"href":"https:\/\/www.hobas.com\/es\/wp-json\/wp\/v2\/users\/2"}],"replies":[{"embeddable":true,"href":"https:\/\/www.hobas.com\/es\/wp-json\/wp\/v2\/comments?post=691"}],"version-history":[{"count":15,"href":"https:\/\/www.hobas.com\/es\/wp-json\/wp\/v2\/pages\/691\/revisions"}],"predecessor-version":[{"id":1922,"href":"https:\/\/www.hobas.com\/es\/wp-json\/wp\/v2\/pages\/691\/revisions\/1922"}],"wp:attachment":[{"href":"https:\/\/www.hobas.com\/es\/wp-json\/wp\/v2\/media?parent=691"}],"curies":[{"name":"wp","href":"https:\/\/api.w.org\/{rel}","templated":true}]}}