{"id":700,"date":"2020-12-11T16:57:55","date_gmt":"2020-12-11T16:57:55","guid":{"rendered":"http:\/\/wp.hobas.com\/disclaimer\/"},"modified":"2021-01-22T08:03:26","modified_gmt":"2021-01-22T08:03:26","slug":"disclaimer","status":"publish","type":"page","link":"https:\/\/www.hobas.com\/es\/disclaimer\/","title":{"rendered":"Aviso legal"},"content":{"rendered":"\n<style type=\"text\/css\" data-created_by=\"avia_inline_auto\" id=\"style-css-av-kirq2ivi-b6841dbbbc7c34e059e44f1953fb66d9\">\n#top .av-special-heading.av-kirq2ivi-b6841dbbbc7c34e059e44f1953fb66d9{\npadding-bottom:10px;\n}\nbody .av-special-heading.av-kirq2ivi-b6841dbbbc7c34e059e44f1953fb66d9 .av-special-heading-tag .heading-char{\nfont-size:25px;\n}\n.av-special-heading.av-kirq2ivi-b6841dbbbc7c34e059e44f1953fb66d9 .av-subheading{\nfont-size:15px;\n}\n<\/style>\n<div  class='av-special-heading av-kirq2ivi-b6841dbbbc7c34e059e44f1953fb66d9 av-special-heading-h1 blockquote modern-quote  avia-builder-el-0  el_before_av_textblock  avia-builder-el-first '><h1 class='av-special-heading-tag '  itemprop=\"headline\"  >Impresi\u00f3n<\/h1><div class=\"special-heading-border\"><div class=\"special-heading-inner-border\"><\/div><\/div><\/div>\n<section  class='av_textblock_section av-kikiuveb-0891d5eeef2b33fec53c17415a51805e '   itemscope=\"itemscope\" itemtype=\"https:\/\/schema.org\/CreativeWork\" ><div class='avia_textblock'  itemprop=\"text\" ><p><strong>Amiblu Holding GmbH<\/strong><br \/>\nSterneckstra\u00dfe 19<br \/>\n9020 Klagenfurt<br \/>\nAustria<\/p>\n<p>+43.463.48 24 24<br \/>\n<a href=\"mailto:info@amiblu.com\">info@amiblu.com<\/a><\/p>\n<p>N\u00fam. Reg. Cia.: FN 105310 v<br \/>\nCorte: Landesgericht Klagenfurt<br \/>\nNIF: ATU25771304<\/p>\n<p>Amiblu Holding GmbH es miembro de la C\u00e1mara de Comercio de Austria de acuerdo con las respectivas provisiones legales. En la web oficial\u00a0<a href=\"https:\/\/firmen.wko.at\/WEB\/DetailsKontakt.aspx?FirmaID=e546ad47-e808-4dd4-b150-fb0d6599b9c9&#038;StandortID=0&#038;Suchbegriff=amiblu&#038;Page=1\" target=\"_blank\" rel=\"noopener noreferrer\">https:\/\/firmen.wko.at\/<\/a>\u00a0encontraran algunos miembros de varios cuerpos de la C\u00e1mara de Comercio.<\/p>\n<p>Este impreso tambi\u00e9n se aplica para las siguientes redes sociales:<\/p>\n<ul>\n<li><a href=\"http:\/\/www.facebook.com\/amiblupipes\" target=\"_blank\" rel=\"noopener noreferrer\">www.facebook.com\/amiblupipes<\/a><\/li>\n<li><a href=\"http:\/\/www.twitter.com\/Amiblupipes\" target=\"_blank\" rel=\"noopener noreferrer\">www.twitter.com\/Amiblupipes<\/a><\/li>\n<li><a href=\"https:\/\/www.linkedin.com\/company\/amiblupipes\/\" target=\"_blank\" rel=\"noopener noreferrer\">www.linkedin.com\/company\/amiblupipes<\/a><\/li>\n<li><a href=\"https:\/\/www.youtube.com\/channel\/UCqRDAF0I87MFEAM3nkcOdEw\" target=\"_blank\" rel=\"noopener noreferrer\">www.youtube.com\/channel\/UCqRDAF0I87MFEAM3nkcOdEw<\/a><\/li>\n<\/ul>\n<\/div><\/section>\n<div  class='hr av-av_hr-7bacd336e8c7b574fdeac16e430feaa5 hr-default  avia-builder-el-2  el_after_av_textblock  el_before_av_heading '><span class='hr-inner '><span class=\"hr-inner-style\"><\/span><\/span><\/div>\n\n<style type=\"text\/css\" data-created_by=\"avia_inline_auto\" id=\"style-css-av-kirq3dpp-fa81890af2cf2933ccfb0fa849a6b752\">\n#top .av-special-heading.av-kirq3dpp-fa81890af2cf2933ccfb0fa849a6b752{\npadding-bottom:10px;\n}\nbody .av-special-heading.av-kirq3dpp-fa81890af2cf2933ccfb0fa849a6b752 .av-special-heading-tag .heading-char{\nfont-size:25px;\n}\n.av-special-heading.av-kirq3dpp-fa81890af2cf2933ccfb0fa849a6b752 .av-subheading{\nfont-size:15px;\n}\n<\/style>\n<div  class='av-special-heading av-kirq3dpp-fa81890af2cf2933ccfb0fa849a6b752 av-special-heading-h2 blockquote modern-quote  avia-builder-el-3  el_after_av_hr  el_before_av_textblock '><h2 class='av-special-heading-tag '  itemprop=\"headline\"  >Aviso legal<\/h2><div class=\"special-heading-border\"><div class=\"special-heading-inner-border\"><\/div><\/div><\/div>\n<section  class='av_textblock_section av-kikivntf-392ef9757578dc7a63da98f7054462ed '   itemscope=\"itemscope\" itemtype=\"https:\/\/schema.org\/CreativeWork\" ><div class='avia_textblock'  itemprop=\"text\" ><p><strong>Publicaci\u00f3n de datos e informaci\u00f3n general<br \/>\n<\/strong>Publicaci\u00f3n de datos e informaci\u00f3n general: Amiblu hace todo lo posible para garantizar que la informaci\u00f3n y los datos que la p\u00e1gina web contiene sean correctos. Amiblu se reserva el derecho de modificar o complementar la informaci\u00f3n o datos suministrados sin previo aviso.<\/p>\n<p><strong>Responsabilidad<br \/>\n<\/strong>La informaci\u00f3n que le proporcionamos en las p\u00e1ginas web de Hobas se ha recopilado con la mayor atenci\u00f3n posible y se actualiza constantemente. A pesar de nuestros esfuerzos, no se garantiza la ausencia de errores. Se excluye toda responsabilidad y toda garant\u00eda respecto a la vigencia, correcci\u00f3nd o integridad de la informaci\u00f3n y los datos proporcionados.<\/p>\n<p><strong>Copyright<br \/>\n<\/strong>El contenido de las p\u00e1ginas web de Hobas est\u00e1 protegido por derechos de autor. La copia, difusi\u00f3n, almacenamiento, reproducci\u00f3n y transmisi\u00f3n de toda la informaci\u00f3n o datos, particularmente el uso de textos, partes de textos o im\u00e1genes u otros trabajos publicados en las p\u00e1ginas web, queda expresamente prohibida sin el consentimiento previo de Amiblu Holding GmbH. Los textos e im\u00e1genes del \u00e1rea de \u00abNoticias\u00bb cuya funci\u00f3n es la de distribuci\u00f3n quedan exentos de lo anterior.<\/p>\n<p><strong>Legislaci\u00f3n aplicable<br \/>\n<\/strong>Toda la informaci\u00f3n o datos, su uso, el ingreso en p\u00e1ginas web de Hobas, adem\u00e1s de cualquier acci\u00f3n, inacci\u00f3n u omisi\u00f3n asociada, quedan sujetos exclusivamente a la ley austr\u00edaca. El lugar de jurisdicci\u00f3n es Klagenfurt.<\/p>\n<\/div><\/section>\n","protected":false},"excerpt":{"rendered":"","protected":false},"author":2,"featured_media":0,"parent":0,"menu_order":9,"comment_status":"closed","ping_status":"closed","template":"","meta":{"footnotes":""},"class_list":["post-700","page","type-page","status-publish","hentry"],"_links":{"self":[{"href":"https:\/\/www.hobas.com\/es\/wp-json\/wp\/v2\/pages\/700","targetHints":{"allow":["GET"]}}],"collection":[{"href":"https:\/\/www.hobas.com\/es\/wp-json\/wp\/v2\/pages"}],"about":[{"href":"https:\/\/www.hobas.com\/es\/wp-json\/wp\/v2\/types\/page"}],"author":[{"embeddable":true,"href":"https:\/\/www.hobas.com\/es\/wp-json\/wp\/v2\/users\/2"}],"replies":[{"embeddable":true,"href":"https:\/\/www.hobas.com\/es\/wp-json\/wp\/v2\/comments?post=700"}],"version-history":[{"count":4,"href":"https:\/\/www.hobas.com\/es\/wp-json\/wp\/v2\/pages\/700\/revisions"}],"predecessor-version":[{"id":1461,"href":"https:\/\/www.hobas.com\/es\/wp-json\/wp\/v2\/pages\/700\/revisions\/1461"}],"wp:attachment":[{"href":"https:\/\/www.hobas.com\/es\/wp-json\/wp\/v2\/media?parent=700"}],"curies":[{"name":"wp","href":"https:\/\/api.w.org\/{rel}","templated":true}]}}