{"id":612,"date":"2020-12-11T16:57:55","date_gmt":"2020-12-11T16:57:55","guid":{"rendered":"http:\/\/wp.hobas.com\/disclaimer\/"},"modified":"2021-01-22T08:02:41","modified_gmt":"2021-01-22T08:02:41","slug":"disclaimer","status":"publish","type":"page","link":"https:\/\/www.hobas.com\/pl\/disclaimer\/","title":{"rendered":"Nota prawna"},"content":{"rendered":"\n<style type=\"text\/css\" data-created_by=\"avia_inline_auto\" id=\"style-css-av-av_heading-74bc4071bc9a56c588098500607b1ed3\">\n#top .av-special-heading.av-av_heading-74bc4071bc9a56c588098500607b1ed3{\npadding-bottom:10px;\n}\nbody .av-special-heading.av-av_heading-74bc4071bc9a56c588098500607b1ed3 .av-special-heading-tag .heading-char{\nfont-size:25px;\n}\n.av-special-heading.av-av_heading-74bc4071bc9a56c588098500607b1ed3 .av-subheading{\nfont-size:15px;\n}\n<\/style>\n<div  class='av-special-heading av-av_heading-74bc4071bc9a56c588098500607b1ed3 av-special-heading-h1 blockquote modern-quote  avia-builder-el-0  el_before_av_textblock  avia-builder-el-first '><h1 class='av-special-heading-tag '  itemprop=\"headline\"  >Imprint<\/h1><div class=\"special-heading-border\"><div class=\"special-heading-inner-border\"><\/div><\/div><\/div>\n<section  class='av_textblock_section av-kikiuveb-0891d5eeef2b33fec53c17415a51805e '   itemscope=\"itemscope\" itemtype=\"https:\/\/schema.org\/CreativeWork\" ><div class='avia_textblock'  itemprop=\"text\" ><p><strong>Amiblu Holding GmbH<\/strong><br \/>\nSterneckstra\u00dfe 19<br \/>\n9020 Klagenfurt<br \/>\nAustria<\/p>\n<p>+43.463.48 24 24<br \/>\n<a href=\"mailto:info@amiblu.com\">info@amiblu.com<\/a><\/p>\n<p>Comp. Reg. No.: FN 105310 v<br \/>\nCourt: Landesgericht Klagenfurt<br \/>\nVAT No.: ATU25771304<\/p>\n<p>Amiblu Holding GmbH is member of the Austrian Chamber of Commerce in accordance with the respective legal provisions. Memberships in the various bodies of the Chamber of Commerce are listed on the official website found at\u00a0<a href=\"https:\/\/firmen.wko.at\/Web\/DetailsKontakt.aspx?FirmaID=e546ad47-e808-4dd4-b150-fb0d6599b9c9&#038;StandortID=0&#038;Suchbegriff=amiblu&#038;Page=1\" target=\"_blank\" rel=\"noopener noreferrer\">https:\/\/firmen.wko.at\/<\/a>.<\/p>\n<p>This imprint also applies to the following social media profiles:<\/p>\n<ul>\n<li><a href=\"http:\/\/www.facebook.com\/amiblupipes\" target=\"_blank\" rel=\"noopener noreferrer\">www.facebook.com\/amiblupipes<\/a><\/li>\n<li><a href=\"http:\/\/www.twitter.com\/Amiblupipes\" target=\"_blank\" rel=\"noopener noreferrer\">www.twitter.com\/Amiblupipes<\/a><\/li>\n<li><a href=\"https:\/\/www.linkedin.com\/company\/amiblupipes\/\" target=\"_blank\" rel=\"noopener noreferrer\">www.linkedin.com\/company\/amiblupipes<\/a><\/li>\n<li><a href=\"https:\/\/www.youtube.com\/channel\/UCqRDAF0I87MFEAM3nkcOdEw\" target=\"_blank\" rel=\"noopener noreferrer\">www.youtube.com\/channel\/UCqRDAF0I87MFEAM3nkcOdEw<\/a><\/li>\n<\/ul>\n<\/div><\/section>\n<div  class='hr av-av_hr-7bacd336e8c7b574fdeac16e430feaa5 hr-default  avia-builder-el-2  el_after_av_textblock  el_before_av_heading '><span class='hr-inner '><span class=\"hr-inner-style\"><\/span><\/span><\/div>\n\n<style type=\"text\/css\" data-created_by=\"avia_inline_auto\" id=\"style-css-av-kirpvujb-0395590a9ea287df35e6f6d81d72e424\">\n#top .av-special-heading.av-kirpvujb-0395590a9ea287df35e6f6d81d72e424{\npadding-bottom:10px;\n}\nbody .av-special-heading.av-kirpvujb-0395590a9ea287df35e6f6d81d72e424 .av-special-heading-tag .heading-char{\nfont-size:25px;\n}\n.av-special-heading.av-kirpvujb-0395590a9ea287df35e6f6d81d72e424 .av-subheading{\nfont-size:15px;\n}\n<\/style>\n<div  class='av-special-heading av-kirpvujb-0395590a9ea287df35e6f6d81d72e424 av-special-heading-h2 blockquote modern-quote  avia-builder-el-3  el_after_av_hr  el_before_av_textblock '><h2 class='av-special-heading-tag '  itemprop=\"headline\"  >Nota prawna<\/h2><div class=\"special-heading-border\"><div class=\"special-heading-inner-border\"><\/div><\/div><\/div>\n<section  class='av_textblock_section av-kikivntf-392ef9757578dc7a63da98f7054462ed '   itemscope=\"itemscope\" itemtype=\"https:\/\/schema.org\/CreativeWork\" ><div class='avia_textblock'  itemprop=\"text\" ><p><strong>Zapewnianie og\u00f3lnych danych i informacji<br \/>\n<\/strong>Amiblu dok\u0142ada wszelkich stara\u0144, by informacje i dane zawarte na tej stronie by\u0142y prawid\u0142owe. Amiblu zastrzega sobie prawo do modyfikowania lub uzupe\u0142niania podanych informacji i danych bez wcze\u015bniejszego powiadomienia.<\/p>\n<p><strong>Odpowiedzialno\u015b\u0107<br \/>\n<\/strong>Informacje zawarte na stronach internetowych Amiblu zosta\u0142y sprawdzone z zachowaniem najwy\u017cszej staranno\u015bci i s\u0105 na bie\u017c\u0105co aktualizowane. Nie mo\u017cemy jednak zagwarantowa\u0107, \u017ce nie zawieraj\u0105 one b\u0142\u0119d\u00f3w. Nie ponosimy odpowiedzialno\u015bci ani nie udzielamy \u017cadnych gwarancji z zwi\u0105zku z aktualno\u015bci\u0105, poparwno\u015bci\u0105 czy kompletno\u015bci\u0105 tych danych i informacji.<\/p>\n<p><strong>Prawa autorskie<br \/>\n<\/strong>Zawarto\u015b\u0107 stron internetowych Amiblu jest chroniona prawami autorskimi. Kopiowanie, rozprowadzanie, przechowywanie, powielanie i przesy\u0142anie wszelkich informacji i danych, w szczeg\u00f3lno\u015bci wykorzystywanie tekst\u00f3w, cz\u0119\u015bci tekst\u00f3w lub obraz\u00f3w, b\u0105d\u017a te\u017c innych dzie\u0142 publikowanych na stronach internetowych, jest wyra\u017anie zabronione bez wcze\u015bniejszej pisemnej zgody Amiblu GmbH. Teksty i obrazy zawarte w zak\u0142adce \u201ePrasa\u201d, kt\u00f3re s\u0105 publikowane wyra\u017anie w celu ich dystrybucji, s\u0105 wy\u0142\u0105czone spod powy\u017cszego zakazu.<\/p>\n<p><strong>Prawo w\u0142a\u015bciwe<br \/>\n<\/strong>Wszelkie informacje lub dane, ich wykorzystanie, logowanie do stron Amiblu, a tak\u017ce wszelkie powi\u0105zane dzia\u0142ania, brak dzia\u0142a\u0144 lub zaniechania podlegaj\u0105 wy\u0142\u0105cznie prawu austriackiemu. S\u0105dem w\u0142a\u015bciwym jest s\u0105d w Klagenfurcie.<\/p>\n<\/div><\/section>\n","protected":false},"excerpt":{"rendered":"","protected":false},"author":2,"featured_media":0,"parent":0,"menu_order":88,"comment_status":"closed","ping_status":"closed","template":"","meta":{"footnotes":""},"class_list":["post-612","page","type-page","status-publish","hentry"],"_links":{"self":[{"href":"https:\/\/www.hobas.com\/pl\/wp-json\/wp\/v2\/pages\/612","targetHints":{"allow":["GET"]}}],"collection":[{"href":"https:\/\/www.hobas.com\/pl\/wp-json\/wp\/v2\/pages"}],"about":[{"href":"https:\/\/www.hobas.com\/pl\/wp-json\/wp\/v2\/types\/page"}],"author":[{"embeddable":true,"href":"https:\/\/www.hobas.com\/pl\/wp-json\/wp\/v2\/users\/2"}],"replies":[{"embeddable":true,"href":"https:\/\/www.hobas.com\/pl\/wp-json\/wp\/v2\/comments?post=612"}],"version-history":[{"count":4,"href":"https:\/\/www.hobas.com\/pl\/wp-json\/wp\/v2\/pages\/612\/revisions"}],"predecessor-version":[{"id":1460,"href":"https:\/\/www.hobas.com\/pl\/wp-json\/wp\/v2\/pages\/612\/revisions\/1460"}],"wp:attachment":[{"href":"https:\/\/www.hobas.com\/pl\/wp-json\/wp\/v2\/media?parent=612"}],"curies":[{"name":"wp","href":"https:\/\/api.w.org\/{rel}","templated":true}]}}